{"id":11618,"date":"2015-09-16T10:19:07","date_gmt":"2015-09-16T10:19:07","guid":{"rendered":"http:\/\/designgroup.nazwa.pl\/nowyork\/?page_id=11618"},"modified":"2021-10-27T21:27:04","modified_gmt":"2021-10-27T19:27:04","slug":"oferta","status":"publish","type":"page","link":"https:\/\/nowyork.pl\/index.php\/oferta\/","title":{"rendered":"Oferta"},"content":{"rendered":"<div class=\"fusion-fullwidth fullwidth-box fusion-builder-row-1 fusion-flex-container nonhundred-percent-fullwidth non-hundred-percent-height-scrolling\" style=\"background-color: rgba(255,255,255,0);background-position: center center;background-repeat: no-repeat;border-width: 0px 0px 0px 0px;border-color:#eae9e9;border-style:solid;\" ><div class=\"fusion-builder-row fusion-row fusion-flex-align-items-flex-start\" style=\"max-width:1144px;margin-left: calc(-4% \/ 2 );margin-right: calc(-4% \/ 2 );\"><div class=\"fusion-layout-column fusion_builder_column fusion-builder-column-0 fusion_builder_column_1_1 1_1 fusion-flex-column\"><div class=\"fusion-column-wrapper fusion-flex-justify-content-flex-start fusion-content-layout-column\" style=\"background-position:left top;background-repeat:no-repeat;-webkit-background-size:cover;-moz-background-size:cover;-o-background-size:cover;background-size:cover;padding: 0px 0px 0px 0px;\"><div class=\"fusion-text fusion-text-1\"><p style=\"text-align: left;\"><strong> \u00a0 W Salonie spa dla kota i psa &#8222;NowYork&#8221; wykonujemy nast\u0119puj\u0105ce us\u0142ugi: \u00a0 \u00a0 \u00a0 \u00a0 \u00a0 \u00a0 \u00a0 \u00a0 \u00a0 \u00a0 \u00a0 \u00a0 \u00a0 \u00a0 \u00a0 \u00a0 NIECH TW\u00d3J PUPIL POCZUJE SI\u0118 JAK GWIAZDA<\/strong><\/p>\n<p style=\"text-align: left;\"><strong>* strzy\u017cenie ps\u00f3w i kot\u00f3w \u00a0 \u00a0 \u00a0 \u00a0 \u00a0 \u00a0 \u00a0 \u00a0 \u00a0 \u00a0 \u00a0 \u00a0 \u00a0 \u00a0 \u00a0 \u00a0 \u00a0 \u00a0 \u00a0 \u00a0 \u00a0 \u00a0 \u00a0 \u00a0 \u00a0 \u00a0 \u00a0 \u00a0 \u00a0 \u00a0 \u00a0 \u00a0 \u00a0 \u00a0 \u00a0<\/strong><br \/>\n<strong> * strzy\u017cenie du\u017cych ps\u00f3w<\/strong><br \/>\n<strong> * trymowanie<\/strong><br \/>\n<strong> * stylizacja psich fryzur na \u017cyczenie klienta<\/strong><\/p>\n<p style=\"text-align: left;\"><strong>*stylizacja psich fryzur w stylu azjatyckim<\/strong><br \/>\n<strong> * rozczesywanie sko\u0142tunionej sier\u015bci<\/strong><br \/>\n<strong> * k\u0105piele piel\u0119gnacyjne<\/strong><br \/>\n<strong> * k\u0105piele lecznicze<\/strong><br \/>\n<strong> * obcinanie pazurk\u00f3w<\/strong><br \/>\n<strong> * czyszczenie uszu<\/strong><br \/>\n<strong> * perfumowanie<\/strong><\/p>\n<p style=\"text-align: left;\"><strong>*mycie z\u0119b\u00f3w i usuwanie kamienia<\/strong><br \/>\n<strong> * porady i konsultacje z lekarzem weterynarii \u00a0 \u00a0 \u00a0 \u00a0 \u00a0 \u00a0 \u00a0 \u00a0 \u00a0 \u00a0 \u00a0 \u00a0 \u00a0 \u00a0 \u00a0 \u00a0 \u00a0 \u00a0 \u00a0 \u00a0 \u00a0 \u00a0 \u00a0 \u00a0 \u00a0 \u00a0 \u00a0 \u00a0 \u00a0 \u00a0 \u00a0 \u00a0 \u00a0 \u00a0 \u00a0 \u00a0 \u00a0 \u00a0 \u00a0\u00a0<\/strong><br \/>\n<strong> *darmowe porady w piel\u0119gnacji i \u017cywieniu<\/strong><\/p>\n<p style=\"text-align: center;\"><strong>\u00a0To MY pami\u0119tamy o wizytach Waszych pupili!<\/strong><br \/>\n<strong>Dzwonimy lub wysy\u0142amy wiadomo\u015b\u0107 SMS z informacj\u0105 o zbli\u017caj\u0105cym si\u0119 terminie wizyty w salonie.<\/strong><\/p>\n<p style=\"text-align: center;\">TEL. 502732532<\/p>\n<\/div><\/div><\/div><style type=\"text\/css\">.fusion-body .fusion-builder-column-0{width:100% !important;margin-top : 0px;margin-bottom : 0px;}.fusion-builder-column-0 > .fusion-column-wrapper {padding-top : 0px !important;padding-right : 0px !important;margin-right : 1.92%;padding-bottom : 0px !important;padding-left : 0px !important;margin-left : 1.92%;}@media only screen and (max-width:1024px) {.fusion-body .fusion-builder-column-0{width:100% !important;}.fusion-builder-column-0 > .fusion-column-wrapper {margin-right : 1.92%;margin-left : 1.92%;}}@media only screen and (max-width:640px) {.fusion-body .fusion-builder-column-0{width:100% !important;}.fusion-builder-column-0 > .fusion-column-wrapper {margin-right : 1.92%;margin-left : 1.92%;}}<\/style><\/div><style type=\"text\/css\">.fusion-body .fusion-flex-container.fusion-builder-row-1{ padding-top : 0px;margin-top : 0px;padding-right : 0px;padding-bottom : 0px;margin-bottom : 0px;padding-left : 0px;}<\/style><\/div>\n","protected":false},"excerpt":{"rendered":"","protected":false},"author":1,"featured_media":0,"parent":0,"menu_order":0,"comment_status":"closed","ping_status":"closed","template":"","meta":[],"_links":{"self":[{"href":"https:\/\/nowyork.pl\/index.php\/wp-json\/wp\/v2\/pages\/11618"}],"collection":[{"href":"https:\/\/nowyork.pl\/index.php\/wp-json\/wp\/v2\/pages"}],"about":[{"href":"https:\/\/nowyork.pl\/index.php\/wp-json\/wp\/v2\/types\/page"}],"author":[{"embeddable":true,"href":"https:\/\/nowyork.pl\/index.php\/wp-json\/wp\/v2\/users\/1"}],"replies":[{"embeddable":true,"href":"https:\/\/nowyork.pl\/index.php\/wp-json\/wp\/v2\/comments?post=11618"}],"version-history":[{"count":9,"href":"https:\/\/nowyork.pl\/index.php\/wp-json\/wp\/v2\/pages\/11618\/revisions"}],"predecessor-version":[{"id":12544,"href":"https:\/\/nowyork.pl\/index.php\/wp-json\/wp\/v2\/pages\/11618\/revisions\/12544"}],"wp:attachment":[{"href":"https:\/\/nowyork.pl\/index.php\/wp-json\/wp\/v2\/media?parent=11618"}],"curies":[{"name":"wp","href":"https:\/\/api.w.org\/{rel}","templated":true}]}}