{"id":11620,"date":"2015-09-16T10:19:33","date_gmt":"2015-09-16T10:19:33","guid":{"rendered":"http:\/\/designgroup.nazwa.pl\/nowyork\/?page_id=11620"},"modified":"2015-09-30T22:33:58","modified_gmt":"2015-09-30T20:33:58","slug":"wizyta","status":"publish","type":"page","link":"https:\/\/nowyork.pl\/index.php\/wizyta\/","title":{"rendered":"Wizyta"},"content":{"rendered":"<p>Kilka cennych wskaz\u00f3wek dla naszych klient\u00f3w<\/p>\n<p>\u2022 uprzejmie prosimy o wcze\u015bniejsze telefoniczne lub osobiste uzgodnienie terminu wizyty<\/p>\n<p>\u2022 w przypadku braku mo\u017cliwo\u015bci przybycia na wizyt\u0119 bardzo prosimy o informacj\u0119 telefoniczn\u0105,sms (na pewno znajdziemy dla Pa\u0144stwa nowy, dogodny termin)<\/p>\n<p>*punktualne pojawienie si\u0119 w salonie pozwoli nam po\u015bwi\u0119ci\u0107 tyle czasu ile sobie zaplanowali\u015bmy<\/p>\n<p>*wychodzimy z domu na tyle wcze\u015bniej \u017ceby spokojnie p\u00f3j\u015b\u0107 z psem na spacer i pozwoli\u0107 na za\u0142atwienie potrzeb fizjologicznych<\/p>\n<p>\u2022 nie karmimy zwierzak\u00f3w bezpo\u015brednio przed wizyt\u0105<\/p>\n<p>\u2022 je\u017celi decydujemy si\u0119 na wizyt\u0119 bez k\u0105pieli, prosimy o rozczesanie i wyk\u0105panie pieska przed wizyt\u0105<\/p>\n<p>\u2022 pch\u0142y i kleszcze znalezione u zwierz\u0105t usuwamy obligatoryjnie( za dodatkow\u0105 op\u0142at\u0105)<\/p>\n<p>\u2022 w naszym salonie nie stosujemy \u017cadnych \u015brodk\u00f3w usypiaj\u0105cych<\/p>\n<p>\u2022 prosimy o poinformowanie o wszelkich chorobach swoich pupili tj.cukrzyca,padaczka,uczulenia i inne<\/p>\n<p>*je\u015bli pies lub kot ma rany, guzy lub blizny trzeba o tym poinformowa\u0107<\/p>\n<p>\u2022 zwierzaki musz\u0105 posiada\u0107 aktualne szczepienia (przeciwko w\u015bciekli\u017anie)<\/p>\n<p>\u2022 prosimy o poinformowanie o agresywno\u015bci psa lub kota<\/p>\n<p>To MY pami\u0119tamy o wizytach Waszych pupili!<br \/>\nUm\u00f3w si\u0119,\u00a0wy\u015blemy wiadomo\u015b\u0107 SMS z informacj\u0105 o zbli\u017caj\u0105cym si\u0119 terminie wizyty w salonie.<\/p>\n<p>&nbsp;<\/p>\n","protected":false},"excerpt":{"rendered":"<p>Kilka cennych wskaz\u00f3wek dla naszych klient\u00f3w \u2022 uprzejmie prosimy o wcze\u015bniejsze telefoniczne lub osobiste uzgodnienie terminu wizyty \u2022 w przypadku braku mo\u017cliwo\u015bci przybycia na wizyt\u0119 bardzo prosimy o informacj\u0119 telefoniczn\u0105,sms (na pewno znajdziemy dla Pa\u0144stwa nowy, dogodny termin) *punktualne pojawienie si\u0119 w salonie pozwoli nam po\u015bwi\u0119ci\u0107 tyle czasu ile sobie zaplanowali\u015bmy *wychodzimy z domu na [&hellip;]<\/p>\n","protected":false},"author":1,"featured_media":0,"parent":0,"menu_order":0,"comment_status":"closed","ping_status":"closed","template":"","meta":[],"_links":{"self":[{"href":"https:\/\/nowyork.pl\/index.php\/wp-json\/wp\/v2\/pages\/11620"}],"collection":[{"href":"https:\/\/nowyork.pl\/index.php\/wp-json\/wp\/v2\/pages"}],"about":[{"href":"https:\/\/nowyork.pl\/index.php\/wp-json\/wp\/v2\/types\/page"}],"author":[{"embeddable":true,"href":"https:\/\/nowyork.pl\/index.php\/wp-json\/wp\/v2\/users\/1"}],"replies":[{"embeddable":true,"href":"https:\/\/nowyork.pl\/index.php\/wp-json\/wp\/v2\/comments?post=11620"}],"version-history":[{"count":3,"href":"https:\/\/nowyork.pl\/index.php\/wp-json\/wp\/v2\/pages\/11620\/revisions"}],"predecessor-version":[{"id":11706,"href":"https:\/\/nowyork.pl\/index.php\/wp-json\/wp\/v2\/pages\/11620\/revisions\/11706"}],"wp:attachment":[{"href":"https:\/\/nowyork.pl\/index.php\/wp-json\/wp\/v2\/media?parent=11620"}],"curies":[{"name":"wp","href":"https:\/\/api.w.org\/{rel}","templated":true}]}}