{"id":11634,"date":"2015-09-17T11:10:54","date_gmt":"2015-09-17T11:10:54","guid":{"rendered":"http:\/\/designgroup.nazwa.pl\/nowyork\/?page_id=11634"},"modified":"2017-08-24T17:54:19","modified_gmt":"2017-08-24T15:54:19","slug":"kontakt-3","status":"publish","type":"page","link":"https:\/\/nowyork.pl\/index.php\/kontakt-3\/","title":{"rendered":"Kontakt"},"content":{"rendered":"<div>\n<h1 style=\"text-align: center;\">SALON SPA DLA KOTA I PSA<\/h1>\n<\/div>\n<div>\n<h1 style=\"text-align: center;\">NOWYORK<\/h1>\n<h4 style=\"text-align: center;\">26-600 RADOM<br \/>\nul.\u00a0Marato\u0144ska 3<\/h4>\n<h4 style=\"text-align: center;\"><i>(blok vis a vis przychodni Pankracy)<\/i><\/h4>\n<h4 style=\"text-align: center;\">502-732-532<\/h4>\n<h4 style=\"text-align: center;\">Poniedzia\u0142ek-Pi\u0105tek<\/h4>\n<h4 style=\"text-align: center;\">10-18<\/h4>\n<h4 style=\"text-align: center;\">Sobota<\/h4>\n<h4 style=\"text-align: center;\">9-14<\/h4>\n<\/div>\n<div><\/div>\n<div><div class=\"fusion-fullwidth fullwidth-box fusion-builder-row-1 fusion-flex-container hundred-percent-fullwidth non-hundred-percent-height-scrolling\" style=\"background-color: rgba(255,255,255,0);background-position: center center;background-repeat: no-repeat;border-width: 0px 0px 0px 0px;border-color:#eae9e9;border-style:solid;\" ><div class=\"fusion-builder-row fusion-row fusion-flex-align-items-flex-start\" style=\"width:calc( 100% + 0px ) !important;max-width:calc( 100% + 0px ) !important;margin-left: calc(-0px \/ 2 );margin-right: calc(-0px \/ 2 );\"><div class=\"fusion-layout-column fusion_builder_column fusion-builder-column-0 fusion_builder_column_1_1 1_1 fusion-flex-column fusion-flex-align-self-flex-start fusion-column-no-min-height\"><div class=\"fusion-column-wrapper fusion-flex-justify-content-flex-start fusion-content-layout-column\" style=\"background-position:left top;background-repeat:no-repeat;-webkit-background-size:cover;-moz-background-size:cover;-o-background-size:cover;background-size:cover;padding: 0px 0px 0px 0px;\">\t\t\t\t\t<script type=\"text\/javascript\">\n\t\t\t\t\t\tvar map_fusion_map_69e008ecc81d9;\n\t\t\t\t\t\tvar markers = [];\n\t\t\t\t\t\tvar counter = 0;\n\t\t\t\t\t\t\t\t\t\t\t\t\t\t\t\t\t\t\t\tvar fusionMapNonce = 'fe648c96e4';\n\t\t\t\t\t\t\t\t\t\t\t\tfunction fusion_run_map_fusion_map_69e008ecc81d9() {\n\t\t\t\t\t\t\tjQuery('#fusion_map_69e008ecc81d9').fusion_maps({\n\t\t\t\t\t\t\t\taddresses: [{\"address\":\"Radom, Marato\\u0144ska 3\",\"infobox_content\":\"Radom, Marato\\u0144ska 3\",\"coordinates\":false,\"cache\":true,\"latitude\":\"51.390544\",\"longitude\":\"21.127181899999982\"}],\n\t\t\t\t\t\t\t\tanimations: true,\n\t\t\t\t\t\t\t\tinfobox_background_color: '',\n\t\t\t\t\t\t\t\tinfobox_styling: 'default',\n\t\t\t\t\t\t\t\tinfobox_text_color: '',\n\t\t\t\t\t\t\t\tmap_style: 'default',\n\t\t\t\t\t\t\t\tmap_type: 'roadmap',\n\t\t\t\t\t\t\t\tmarker_icon: '',\n\t\t\t\t\t\t\t\toverlay_color: '',\n\t\t\t\t\t\t\t\toverlay_color_hsl: {\"hue\":0,\"sat\":0,\"lum\":100},\n\t\t\t\t\t\t\t\tpan_control: true,\n\t\t\t\t\t\t\t\tshow_address: true,\n\t\t\t\t\t\t\t\tscale_control: true,\n\t\t\t\t\t\t\t\tscrollwheel: true,\n\t\t\t\t\t\t\t\tzoom: 14,\n\t\t\t\t\t\t\t\tzoom_control: true,\n\t\t\t\t\t\t\t});\n\t\t\t\t\t\t}\n\n\t\t\t\t\t\tgoogle.maps.event.addDomListener(window, 'load', fusion_run_map_fusion_map_69e008ecc81d9);\n\t\t\t\t\t<\/script>\n\t\t\t\t\t<div class=\"shortcode-map fusion-google-map fusion-maps-js-type\" id=\"fusion_map_69e008ecc81d9\" style=\"height:300px;width:100%;\"><\/div><\/div>\n<\/div><\/div><style type=\"text\/css\">.fusion-body .fusion-builder-column-0{width:100% !important;margin-top : 0px;margin-bottom : 0px;}.fusion-builder-column-0 > .fusion-column-wrapper {padding-top : 0px !important;padding-right : 0px !important;margin-right : 0px;padding-bottom : 0px !important;padding-left : 0px !important;margin-left : 0px;}@media only screen and (max-width:1024px) {.fusion-body .fusion-builder-column-0{width:100% !important;}.fusion-builder-column-0 > .fusion-column-wrapper {margin-right : 0px;margin-left : 0px;}}@media only screen and (max-width:640px) {.fusion-body .fusion-builder-column-0{width:100% !important;}.fusion-builder-column-0 > .fusion-column-wrapper {margin-right : 0px;margin-left : 0px;}}<\/style><\/div><style type=\"text\/css\">.fusion-fullwidth.fusion-builder-row-1 { overflow:visible; }.fusion-body .fusion-flex-container.fusion-builder-row-1{ padding-top : 0px;margin-top : 0px;padding-right : 0px;padding-bottom : 0px;margin-bottom : 0px;padding-left : 0px;}<\/style><\/div><\/p>\n","protected":false},"excerpt":{"rendered":"<p>SALON SPA DLA KOTA I PSA NOWYORK 26-600 RADOM ul.\u00a0Marato\u0144ska 3 (blok vis a vis przychodni Pankracy) 502-732-532 Poniedzia\u0142ek-Pi\u0105tek 10-18 Sobota 9-14<\/p>\n","protected":false},"author":1,"featured_media":0,"parent":0,"menu_order":0,"comment_status":"closed","ping_status":"closed","template":"","meta":[],"_links":{"self":[{"href":"https:\/\/nowyork.pl\/index.php\/wp-json\/wp\/v2\/pages\/11634"}],"collection":[{"href":"https:\/\/nowyork.pl\/index.php\/wp-json\/wp\/v2\/pages"}],"about":[{"href":"https:\/\/nowyork.pl\/index.php\/wp-json\/wp\/v2\/types\/page"}],"author":[{"embeddable":true,"href":"https:\/\/nowyork.pl\/index.php\/wp-json\/wp\/v2\/users\/1"}],"replies":[{"embeddable":true,"href":"https:\/\/nowyork.pl\/index.php\/wp-json\/wp\/v2\/comments?post=11634"}],"version-history":[{"count":6,"href":"https:\/\/nowyork.pl\/index.php\/wp-json\/wp\/v2\/pages\/11634\/revisions"}],"predecessor-version":[{"id":12115,"href":"https:\/\/nowyork.pl\/index.php\/wp-json\/wp\/v2\/pages\/11634\/revisions\/12115"}],"wp:attachment":[{"href":"https:\/\/nowyork.pl\/index.php\/wp-json\/wp\/v2\/media?parent=11634"}],"curies":[{"name":"wp","href":"https:\/\/api.w.org\/{rel}","templated":true}]}}