{"id":11655,"date":"2015-09-26T09:32:39","date_gmt":"2015-09-26T09:32:39","guid":{"rendered":"http:\/\/designgroup.nazwa.pl\/nowyork\/?page_id=11655"},"modified":"2015-09-30T21:38:30","modified_gmt":"2015-09-30T19:38:30","slug":"przygotowania","status":"publish","type":"page","link":"https:\/\/nowyork.pl\/index.php\/przygotowania\/","title":{"rendered":"Poradnik"},"content":{"rendered":"<p>PRZYGOTOWANIE PSA DO PIERWSZEJ WIZYTY W SALONIE .<\/p>\n<p>Najwa\u017cniejsz\u0105 \u00a0kwesti\u0105 jest to, aby przygotowania do pierwszej wizyty u fryzjera rozpocz\u0105\u0107 mo\u017cliwie wcze\u015bniej &#8211; ju\u017c w wieku szczeni\u0119cym. Od pierwszych chwil, kiedy maluch mieszka ju\u017c w naszym domku &#8211; nale\u017cy oswaja\u0107 go z czynno\u015bciami, jakie wkr\u00f3tce czekaj\u0105 go w salonie spa dla kota i psa. Najwi\u0119ksz\u0105 uwag\u0119 nale\u017cy oczywi\u015bcie przywi\u0105zywa\u0107 do ras d\u0142ugow\u0142osych.<\/p>\n<p>1.Zaczynamy zawsze od podstaw,czyli od przyzwyczajenia do dotyku.<\/p>\n<p>Delikatnie g\u0142aszczemy pieska i przy tej okazji zagl\u0105damy do uszu,pyszczka oraz obejmujemy i delikatnie podnosimy \u0142apki.<\/p>\n<p>2.Czesanie<\/p>\n<p>Przede wszystkim musimy przyzwyczai\u0107 psa do czesania. W tym celu nale\u017cy zakupi\u0107 mi\u0119kk\u0105 szczoteczk\u0119 z w\u0142osia, kt\u00f3ra nie podra\u017cni delikatnego cia\u0142ka ma\u0142ego pieska. Psa czeszemy kilkukrotnie w ci\u0105gu dnia, przez kr\u00f3tk\u0105 chwil\u0119. Ma\u0142y piesek cz\u0119sto traktuje to jak zabaw\u0119 i zaczyna gry\u017a\u0107 szczotk\u0119 b\u0105d\u017a nas samych. Nie mo\u017cemy na to pozwoli\u0107, dlatego podczas takiego procederu najlepiej zabawi\u0107 psa jego ulubion\u0105 zabawk\u0105 i odwr\u00f3ci\u0107 uwag\u0119 od szczotki. Zawsze po czesaniu starajmy si\u0119 nagrodzi\u0107 pieska. W p\u00f3\u017aniejszym czasie mo\u017cemy zmieni\u0107 szczotk\u0119 z w\u0142osia na zwyk\u0142\u0105 szczotk\u0119 dla psa lub metalowy grzebie\u0144.<\/p>\n<p>3.Suszenie<\/p>\n<p><strong>\u00a0<\/strong>Na pocz\u0105tku najlepiej w\u0142\u0105czy\u0107 suszark\u0119 w du\u017cej odleg\u0142o\u015bci i nagradza\u0107 smako\u0142ykami spokojne zachowanie psa. Stopniowo zmniejszamy odleg\u0142o\u015b\u0107 suszarki od psa i pomalutku zaczynamy kierowa\u0107 suszark\u0119 w stron\u0119 psa (najlepiej na tyln\u0105 cze\u015b\u0107 cia\u0142a). Pami\u0119tajmy, \u017ceby podmuch by\u0142 jak najl\u017cejszy i \u017ceby nie by\u0142 za gor\u0105cy. I r\u00f3wnie\u017c nagradzamy spokojne zachowania psa.<\/p>\n<p>4.K\u0105piel<\/p>\n<p>Psa nale\u017cy oswoi\u0107 przede wszystkim z szumem strumienia wody. Na pocz\u0105tek jednak warto do wanny\/brodzika nala\u0107 jedynie odrobin\u0119 wody, aby zwil\u017cy\u0107 opuszki \u0142ap. W ten spos\u00f3b stopniowo przyzwyczaimy psa do k\u0105pieli.Pami\u0119taj ,\u017ce nagradzamy spokojne zachowanie psa.<\/p>\n<p>5.St\u00f3\u0142<\/p>\n<p>W salonie pies jest poddawany zabiegom na stole,wi\u0119c przyzwyczajamy go do stania oraz uczymy ,\u017ce ze sto\u0142y nie wolno mu zeskoczy\u0107.Spokojne stanie nagradzajmy smako\u0142ykami, a nast\u0119pnie zestaw psa na pod\u0142og\u0119.<\/p>\n<p>&nbsp;<\/p>\n<p>PAMI\u0118TAJMY !!!<\/p>\n<p>WSZYSTKIE TE CZYNNO\u015aCI B\u0118D\u0104 MU TOWARZYSZY\u0106 PRZEZ CA\u0141E JEGO \u017bYCIE .<\/p>\n<p>STARAJMY SI\u0118 ZROBI\u0106 WSZYSTKO ABY JE ZAAKCEPTOWA\u0141,A NAWET POLUBI\u0141.<\/p>\n<p>WASZ PUPIL WYNAGRODZI TO WIELK\u0104 MI\u0141O\u015aCI\u0104 I WIERNO\u015aCI\u0104 &lt;3<\/p>\n<p>&nbsp;<\/p>\n<p>&nbsp;<\/p>\n","protected":false},"excerpt":{"rendered":"<p>PRZYGOTOWANIE PSA DO PIERWSZEJ WIZYTY W SALONIE . Najwa\u017cniejsz\u0105 \u00a0kwesti\u0105 jest to, aby przygotowania do pierwszej wizyty u fryzjera rozpocz\u0105\u0107 mo\u017cliwie wcze\u015bniej &#8211; ju\u017c w wieku szczeni\u0119cym. Od pierwszych chwil, kiedy maluch mieszka ju\u017c w naszym domku &#8211; nale\u017cy oswaja\u0107 go z czynno\u015bciami, jakie wkr\u00f3tce czekaj\u0105 go w salonie spa dla kota i psa. Najwi\u0119ksz\u0105 [&hellip;]<\/p>\n","protected":false},"author":1,"featured_media":0,"parent":0,"menu_order":0,"comment_status":"closed","ping_status":"closed","template":"","meta":[],"_links":{"self":[{"href":"https:\/\/nowyork.pl\/index.php\/wp-json\/wp\/v2\/pages\/11655"}],"collection":[{"href":"https:\/\/nowyork.pl\/index.php\/wp-json\/wp\/v2\/pages"}],"about":[{"href":"https:\/\/nowyork.pl\/index.php\/wp-json\/wp\/v2\/types\/page"}],"author":[{"embeddable":true,"href":"https:\/\/nowyork.pl\/index.php\/wp-json\/wp\/v2\/users\/1"}],"replies":[{"embeddable":true,"href":"https:\/\/nowyork.pl\/index.php\/wp-json\/wp\/v2\/comments?post=11655"}],"version-history":[{"count":3,"href":"https:\/\/nowyork.pl\/index.php\/wp-json\/wp\/v2\/pages\/11655\/revisions"}],"predecessor-version":[{"id":11694,"href":"https:\/\/nowyork.pl\/index.php\/wp-json\/wp\/v2\/pages\/11655\/revisions\/11694"}],"wp:attachment":[{"href":"https:\/\/nowyork.pl\/index.php\/wp-json\/wp\/v2\/media?parent=11655"}],"curies":[{"name":"wp","href":"https:\/\/api.w.org\/{rel}","templated":true}]}}