{"id":11680,"date":"2015-09-27T20:19:57","date_gmt":"2015-09-27T18:19:57","guid":{"rendered":"https:\/\/nowyork.pl\/?page_id=11680"},"modified":"2017-08-24T17:54:19","modified_gmt":"2017-08-24T15:54:19","slug":"kim-jestesmy","status":"publish","type":"page","link":"https:\/\/nowyork.pl\/index.php\/kim-jestesmy\/","title":{"rendered":"Kim jeste\u015bmy"},"content":{"rendered":"<p>Salon Spa prowadz\u0119 od 2013 roku, a piel\u0119gnacj\u0105 czworono\u017cnych przyjaci\u00f3\u0142 zajmuje si\u0119 od wielu lat. Groomerstwa ucz\u0119 si\u0119 stale podnosz\u0105c swoje kwalifikacje u <img loading=\"lazy\" class=\"alignright wp-image-11711 size-medium\" src=\"https:\/\/nowyork.pl\/wp-content\/uploads\/2015\/09\/iwona-kopia-255x300.jpg\" alt=\"iwona kopia\" width=\"255\" height=\"300\" srcset=\"https:\/\/nowyork.pl\/wp-content\/uploads\/2015\/09\/iwona-kopia-255x300.jpg 255w, https:\/\/nowyork.pl\/wp-content\/uploads\/2015\/09\/iwona-kopia.jpg 618w\" sizes=\"(max-width: 255px) 100vw, 255px\" \/>mistrz\u00f3w<\/p>\n<p>tj. Pan Jaros\u0142aw Rus, Zygmunt Stelmach, Luis Martin de Rio, Miko Hashi, Vesa Lehton i wielu innych.<\/p>\n<p>Bior\u0105c cz\u0119sto udzia\u0142 w seminariach i warsztatach w groomingu wystawowym i pet groomingu pog\u0142\u0119bia\u0142am wiedz\u0119 i do\u015bwiadczenia aby piel\u0119gnacja Pa\u0144stwa pupili by\u0142a na najwy\u017cszym poziomie.<\/p>\n<p>Mam doskona\u0142e podej\u015bcie, cierpliwo\u015b\u0107 i wielkie serce do zwierz\u0105t.<\/p>\n<p>Pasja do nich zrodzi\u0142a si\u0119 ju\u017c w dzieci\u0144stwie, odk\u0105d si\u0119gam pami\u0119ci\u0105 zawsze towarzyszyli mi czworono\u017cni przyjaciele.<\/p>\n<p>W obecnej chwili moj\u0105 najwi\u0119ksz\u0105 mi\u0142o\u015bci\u0105 jest suczka Czika rasy West Highland White Terrier.<\/p>\n<p>&nbsp;<\/p>\n","protected":false},"excerpt":{"rendered":"<p>Salon Spa prowadz\u0119 od 2013 roku, a piel\u0119gnacj\u0105 czworono\u017cnych przyjaci\u00f3\u0142 zajmuje si\u0119 od wielu lat. Groomerstwa ucz\u0119 si\u0119 stale podnosz\u0105c swoje kwalifikacje u mistrz\u00f3w tj. Pan Jaros\u0142aw Rus, Zygmunt Stelmach, Luis Martin de Rio, Miko Hashi, Vesa Lehton i wielu innych. Bior\u0105c cz\u0119sto udzia\u0142 w seminariach i warsztatach w groomingu wystawowym i pet groomingu pog\u0142\u0119bia\u0142am [&hellip;]<\/p>\n","protected":false},"author":1,"featured_media":0,"parent":0,"menu_order":0,"comment_status":"closed","ping_status":"closed","template":"","meta":[],"_links":{"self":[{"href":"https:\/\/nowyork.pl\/index.php\/wp-json\/wp\/v2\/pages\/11680"}],"collection":[{"href":"https:\/\/nowyork.pl\/index.php\/wp-json\/wp\/v2\/pages"}],"about":[{"href":"https:\/\/nowyork.pl\/index.php\/wp-json\/wp\/v2\/types\/page"}],"author":[{"embeddable":true,"href":"https:\/\/nowyork.pl\/index.php\/wp-json\/wp\/v2\/users\/1"}],"replies":[{"embeddable":true,"href":"https:\/\/nowyork.pl\/index.php\/wp-json\/wp\/v2\/comments?post=11680"}],"version-history":[{"count":7,"href":"https:\/\/nowyork.pl\/index.php\/wp-json\/wp\/v2\/pages\/11680\/revisions"}],"predecessor-version":[{"id":11862,"href":"https:\/\/nowyork.pl\/index.php\/wp-json\/wp\/v2\/pages\/11680\/revisions\/11862"}],"wp:attachment":[{"href":"https:\/\/nowyork.pl\/index.php\/wp-json\/wp\/v2\/media?parent=11680"}],"curies":[{"name":"wp","href":"https:\/\/api.w.org\/{rel}","templated":true}]}}