{"id":4548,"date":"2014-03-10T17:23:40","date_gmt":"2014-03-10T17:23:40","guid":{"rendered":"http:\/\/theme-fusion.com\/avadaxml\/?page_id=4548"},"modified":"2021-05-11T21:53:22","modified_gmt":"2021-05-11T19:53:22","slug":"one-page","status":"publish","type":"page","link":"https:\/\/nowyork.pl\/","title":{"rendered":"Start"},"content":{"rendered":"<p><div id=\"intro\"><div class=\"fusion-fullwidth fullwidth-box fusion-builder-row-1 fusion-flex-container nonhundred-percent-fullwidth non-hundred-percent-height-scrolling\" style=\"background-color: #f8f8f8;background-position: left top;background-repeat: no-repeat;border-width: 1px 0px 1px 0px;border-color:#e5e4e4;border-style:solid;\" ><div class=\"fusion-builder-row fusion-row fusion-flex-align-items-flex-start\" style=\"max-width:1144px;margin-left: calc(-4% \/ 2 );margin-right: calc(-4% \/ 2 );\"><div class=\"fusion-layout-column fusion_builder_column fusion-builder-column-0 fusion_builder_column_1_1 1_1 fusion-flex-column fusion-flex-align-self-flex-start fusion-column-no-min-height\"><div class=\"fusion-column-wrapper fusion-flex-justify-content-flex-start fusion-content-layout-column\" style=\"background-position:left top;background-repeat:no-repeat;-webkit-background-size:cover;-moz-background-size:cover;-o-background-size:cover;background-size:cover;padding: 0px 0px 0px 0px;\"><div class=\"fusion-text fusion-text-1\"><h1 style=\"text-align: center;\">Niech Tw\u00f3j pupil czuje si\u0119 jak gwiazda NEWYORK<\/h1>\n<p style=\"text-align: center; margin-top: -10px; font-size: 17px;\">Oferujemy m.in.: strzy\u017cenie ps\u00f3w i kot\u00f3w, k\u0105piele piel\u0119gnacyjne i lecznicze,\u00a0regeneracja sier\u015bci, trymowanie, rozczesywanie lub wycinanie sko\u0142tunionej sier\u015bci,\u00a0obcinanie pazurk\u00f3w, piel\u0119gnacja oczu i uszu.<\/p>\n<p style=\"text-align: center; margin-top: -10px; font-size: 17px;\">Zabiegi wykonujemy bez po\u015bpiechu, cierpliwie i bardzo dok\u0142adnie, nie stosujemy \u015brodk\u00f3w usypiaj\u0105cych i uspokajaj\u0105cych.<\/p>\n<p style=\"text-align: center; margin-top: -10px; font-size: 17px;\">Oferujmy konsultacje z lekarzami weterynarii z Lipska.\u00a0Wsp\u00f3\u0142pracujemy z firm\u0105 AKFIZJO zajmuj\u0105c\u0105 si\u0119 rehabilitacj\u0105 zwierz\u0105t.<\/p>\n<\/div><div class=\"fusion-separator fusion-full-width-sep\" style=\"align-self: center;margin-left: auto;margin-right: auto;margin-top:15px;margin-bottom:40px;width:100%;\"><div class=\"fusion-separator-border sep-double sep-solid\" style=\"border-color:#e0dede;border-top-width:1px;border-bottom-width:1px;\"><\/div><\/div><div style=\"text-align:center;\"><span class=\" fusion-imageframe imageframe-none imageframe-1 hover-type-none fusion-animated\" data-animationType=\"fadeInUp\" data-animationDuration=\"1\" data-animationOffset=\"100%\"><a href=\"https:\/\/nowyork.pl\/wp-content\/uploads\/2014\/03\/star-1024x240.jpg\" class=\"fusion-lightbox\" data-rel=\"iLightbox[cc8fa1e13a684fbb5c7]\" data-title=\"star\" title=\"star\"><img width=\"1024\" image_height=\"240\" image_id=\"11569\" alt=\"Avada Theme Image\" src=\"https:\/\/nowyork.pl\/wp-content\/uploads\/2014\/03\/star-1024x240.jpg\" class=\"img-responsive wp-image-11569\"\/><\/a><\/span><\/div><\/div><\/div><style type=\"text\/css\">.fusion-body .fusion-builder-column-0{width:100% !important;margin-top : 0px;margin-bottom : 0px;}.fusion-builder-column-0 > .fusion-column-wrapper {padding-top : 0px !important;padding-right : 0px !important;margin-right : 1.92%;padding-bottom : 0px !important;padding-left : 0px !important;margin-left : 1.92%;}@media only screen and (max-width:1024px) {.fusion-body .fusion-builder-column-0{width:100% !important;}.fusion-builder-column-0 > .fusion-column-wrapper {margin-right : 1.92%;margin-left : 1.92%;}}@media only screen and (max-width:640px) {.fusion-body .fusion-builder-column-0{width:100% !important;}.fusion-builder-column-0 > .fusion-column-wrapper {margin-right : 1.92%;margin-left : 1.92%;}}<\/style><\/div><style type=\"text\/css\">.fusion-body .fusion-flex-container.fusion-builder-row-1{ padding-top : 25px;margin-top : 0px;padding-right : 0px;padding-bottom : 0px;margin-bottom : 0px;padding-left : 0px;}<\/style><\/div><\/div><div class=\"fusion-fullwidth fullwidth-box fusion-builder-row-2 fusion-flex-container fusion-parallax-fixed nonhundred-percent-fullwidth non-hundred-percent-height-scrolling\" style=\"background-color: #f8f8f8;background-image: url(&quot;https:\/\/nowyork.pl\/wp-content\/uploads\/2014\/03\/bg_new.jpg&quot;);background-position: left top;background-repeat: no-repeat;border-width: 1px 0px 1px 0px;border-color:#e5e4e4;border-style:solid;-webkit-background-size:cover;-moz-background-size:cover;-o-background-size:cover;background-size:cover;background-attachment:fixed;\" ><div class=\"fusion-builder-row fusion-row fusion-flex-align-items-flex-start\" style=\"max-width:1144px;margin-left: calc(-4% \/ 2 );margin-right: calc(-4% \/ 2 );\"><div class=\"fusion-layout-column fusion_builder_column fusion-builder-column-1 fusion_builder_column_1_2 1_2 fusion-flex-column\"><div class=\"fusion-column-wrapper fusion-flex-justify-content-flex-start fusion-content-layout-column\" style=\"background-position:left top;background-repeat:no-repeat;-webkit-background-size:cover;-moz-background-size:cover;-o-background-size:cover;background-size:cover;padding: 0px 0px 0px 0px;\"><div class=\"fusion-text fusion-text-2\"><h3><span style=\"color: #ffffff;\">WYKONUJEMY.<\/span><\/h3>\n<ul>\n<li>\n<h3><span style=\"color: #ffffff;\">strzy\u017cenie ps\u00f3w i kot\u00f3w<\/span><\/h3>\n<\/li>\n<li>\n<h3><span style=\"color: #ffffff;\">strzy\u017cenie du\u017cych i ma\u0142ych ps\u00f3w<\/span><\/h3>\n<\/li>\n<li>\n<h3><span style=\"color: #ffffff;\">trymowanie<\/span><\/h3>\n<\/li>\n<li>\n<h3><span style=\"color: #ffffff;\">stylizacja psich fryzur na \u017cyczenie klienta<\/span><\/h3>\n<\/li>\n<li>\n<h3><span style=\"color: #ffffff;\">rozczesywanie sko\u0142tunionej sier\u015bci<\/span><\/h3>\n<\/li>\n<li>\n<h3><span style=\"color: #ffffff;\">k\u0105piele piel\u0119gnacyjne<\/span><\/h3>\n<\/li>\n<li>\n<h3><span style=\"color: #ffffff;\">k\u0105piele lecznicze<\/span><\/h3>\n<\/li>\n<li>\n<h3><span style=\"color: #ffffff;\">obcinanie pazurk\u00f3w<\/span><\/h3>\n<\/li>\n<li>\n<h3><span style=\"color: #ffffff;\">czyszczenie uszu<\/span><\/h3>\n<\/li>\n<li>\n<h3><span style=\"color: #ffffff;\">perfumowanie<\/span><\/h3>\n<\/li>\n<li>\n<h3><span style=\"color: #ffffff;\">porady i konsultacje z lekarzem weterynarii<\/span><\/h3>\n<\/li>\n<\/ul>\n<\/div><div style=\"text-align:center;\"><style type=\"text\/css\">.fusion-button.button-1 .fusion-button-text, .fusion-button.button-1 i {color:#ffffff;}.fusion-button.button-1 .fusion-button-icon-divider{border-color:#ffffff;}.fusion-button.button-1:hover .fusion-button-text, .fusion-button.button-1:hover i,.fusion-button.button-1:focus .fusion-button-text, .fusion-button.button-1:focus i,.fusion-button.button-1:active .fusion-button-text, .fusion-button.button-1:active{color:#333333;}.fusion-button.button-1:hover .fusion-button-icon-divider, .fusion-button.button-1:hover .fusion-button-icon-divider, .fusion-button.button-1:active .fusion-button-icon-divider{border-color:#333333;}.fusion-button.button-1:hover, .fusion-button.button-1:focus, .fusion-button.button-1:active{border-color:#333333;border-width:2px;}.fusion-button.button-1 {border-color:#ffffff;border-width:2px;border-radius:2px;}.fusion-button.button-1{background: rgba(255,255,255,0);}.fusion-button.button-1:hover,.button-1:focus,.fusion-button.button-1:active{background: rgba(255, 255, 255, 0.15);}<\/style><a class=\"fusion-button button-flat button-xlarge button-custom button-1 fusion-button-default-span fusion-animated\" data-animationType=\"bounce\" data-animationDuration=\"1\" data-animationOffset=\"100%\" target=\"_blank\" rel=\"noopener noreferrer\" href=\"https:\/\/nowyork.pl\/index.php\/kontakt-3\/\"><span class=\"fusion-button-text\">Um\u00f3w si\u0119 na wizyt\u0119 502-732-532<\/span><\/a><\/div><\/div><\/div><style type=\"text\/css\">.fusion-body .fusion-builder-column-1{width:50% !important;margin-top : 0px;margin-bottom : 20px;}.fusion-builder-column-1 > .fusion-column-wrapper {padding-top : 0px !important;padding-right : 0px !important;margin-right : 3.84%;padding-bottom : 0px !important;padding-left : 0px !important;margin-left : 3.84%;}@media only screen and (max-width:1024px) {.fusion-body .fusion-builder-column-1{width:50% !important;}.fusion-builder-column-1 > .fusion-column-wrapper {margin-right : 3.84%;margin-left : 3.84%;}}@media only screen and (max-width:640px) {.fusion-body .fusion-builder-column-1{width:100% !important;}.fusion-builder-column-1 > .fusion-column-wrapper {margin-right : 1.92%;margin-left : 1.92%;}}<\/style><div class=\"fusion-layout-column fusion_builder_column fusion-builder-column-2 fusion_builder_column_1_2 1_2 fusion-flex-column\"><div class=\"fusion-column-wrapper fusion-flex-justify-content-flex-start fusion-content-layout-column\" style=\"background-position:left top;background-repeat:no-repeat;-webkit-background-size:cover;-moz-background-size:cover;-o-background-size:cover;background-size:cover;padding: 0px 0px 0px 0px;\"><div class=\"fusion-separator fusion-full-width-sep\" style=\"align-self: center;margin-left: auto;margin-right: auto;margin-top:20px;width:100%;\"><\/div><\/div><\/div><style type=\"text\/css\">.fusion-body .fusion-builder-column-2{width:50% !important;margin-top : 0px;margin-bottom : 20px;}.fusion-builder-column-2 > .fusion-column-wrapper {padding-top : 0px !important;padding-right : 0px !important;margin-right : 3.84%;padding-bottom : 0px !important;padding-left : 0px !important;margin-left : 3.84%;}@media only screen and (max-width:1024px) {.fusion-body .fusion-builder-column-2{width:50% !important;}.fusion-builder-column-2 > .fusion-column-wrapper {margin-right : 3.84%;margin-left : 3.84%;}}@media only screen and (max-width:640px) {.fusion-body .fusion-builder-column-2{width:100% !important;}.fusion-builder-column-2 > .fusion-column-wrapper {margin-right : 1.92%;margin-left : 1.92%;}}<\/style><div class=\"fusion-layout-column fusion_builder_column fusion-builder-column-3 fusion_builder_column_1_1 1_1 fusion-flex-column fusion-flex-align-self-flex-start fusion-column-no-min-height\"><div class=\"fusion-column-wrapper fusion-flex-justify-content-flex-start fusion-content-layout-column\" style=\"background-position:left top;background-repeat:no-repeat;-webkit-background-size:cover;-moz-background-size:cover;-o-background-size:cover;background-size:cover;padding: 0px 0px 0px 0px;\"><div class=\"fusion-separator fusion-full-width-sep\" style=\"align-self: center;margin-left: auto;margin-right: auto;margin-top:20px;width:100%;\"><\/div><\/div><\/div><style type=\"text\/css\">.fusion-body .fusion-builder-column-3{width:100% !important;margin-top : 0px;margin-bottom : 0px;}.fusion-builder-column-3 > .fusion-column-wrapper {padding-top : 0px !important;padding-right : 0px !important;margin-right : 1.92%;padding-bottom : 0px !important;padding-left : 0px !important;margin-left : 1.92%;}@media only screen and (max-width:1024px) {.fusion-body .fusion-builder-column-3{width:100% !important;}.fusion-builder-column-3 > .fusion-column-wrapper {margin-right : 1.92%;margin-left : 1.92%;}}@media only screen and (max-width:640px) {.fusion-body .fusion-builder-column-3{width:100% !important;}.fusion-builder-column-3 > .fusion-column-wrapper {margin-right : 1.92%;margin-left : 1.92%;}}<\/style><\/div><style type=\"text\/css\">.fusion-body .fusion-flex-container.fusion-builder-row-2{ padding-top : 35px;margin-top : 0px;padding-right : 0px;padding-bottom : 15px;margin-bottom : 0px;padding-left : 0px;}<\/style><\/div><div id=\"pages\"><div class=\"fusion-fullwidth fullwidth-box fusion-builder-row-3 fusion-flex-container fusion-parallax-fixed nonhundred-percent-fullwidth non-hundred-percent-height-scrolling\" style=\"background-color: #fff;background-image: url(&quot;https:\/\/nowyork.pl\/wp-content\/uploads\/2014\/03\/green.jpg&quot;);background-position: left top;background-repeat: no-repeat;border-width: 1px 0px 1px 0px;border-color:#e5e4e4;border-style:solid;-webkit-background-size:cover;-moz-background-size:cover;-o-background-size:cover;background-size:cover;background-attachment:fixed;\" ><div class=\"fusion-builder-row fusion-row fusion-flex-align-items-flex-start\" style=\"max-width:1144px;margin-left: calc(-4% \/ 2 );margin-right: calc(-4% \/ 2 );\"><div class=\"fusion-layout-column fusion_builder_column fusion-builder-column-4 fusion_builder_column_1_1 1_1 fusion-flex-column fusion-flex-align-self-flex-start fusion-column-no-min-height\"><div class=\"fusion-column-wrapper fusion-flex-justify-content-flex-start fusion-content-layout-column\" style=\"background-position:left top;background-repeat:no-repeat;-webkit-background-size:cover;-moz-background-size:cover;-o-background-size:cover;background-size:cover;padding: 0px 0px 0px 0px;\"><div class=\"fusion-text fusion-text-3\"><h1 style=\"text-align: center; font-size: 30px !important;\">SALON SPA NOWYORK TO:<\/h1>\n<ul>\n<li>\n<h3>Wszelkie zabiegi wykonywane tylko i wy\u0142\u0105cznie przy pomocy\u00a0profesjonalnego sprz\u0119tu renomowanych firm:\u00a0 OSTER, PHOENIX, ANDIS, WAHL, MARS.<\/h3>\n<\/li>\n<li>\n<h3>Stosowanie\u00a0tylko profesjonalnych kosmetyk\u00f3w dobieranych\u00a0wed\u0142ug rodzju sier\u015bci i kondycji sk\u00f3ry\u00a0#1ALL SYSTEM PROFESIONAL,\u00a0 BIO-GROOM, OSTER, BOTANIQA<\/h3>\n<\/li>\n<li>\n<h3>Sprz\u0119t dezynfekowany po ka\u017cdym zwierzaczku,\u00a0 posiadamy i u\u017cywamy sterylizator UV.<\/h3>\n<\/li>\n<\/ul>\n<h3><\/h3>\n<h3><\/h3>\n<h3><\/h3>\n<\/div><div class=\"fusion-separator fusion-full-width-sep\" style=\"align-self: center;margin-left: auto;margin-right: auto;margin-top:15px;margin-bottom:40px;width:100%;\"><div class=\"fusion-separator-border sep-double sep-solid\" style=\"border-color:#e0dede;border-top-width:1px;border-bottom-width:1px;\"><\/div><\/div><div class=\"fusion-text fusion-text-4\"><p><a href=\"https:\/\/nowyork.pl\/wp-content\/uploads\/2014\/03\/partners-kopia.png\"><img loading=\"lazy\" class=\"alignnone wp-image-11652 size-full\" src=\"https:\/\/nowyork.pl\/wp-content\/uploads\/2014\/03\/partners-kopia.png\" alt=\"\" width=\"1117\" height=\"234\" srcset=\"https:\/\/nowyork.pl\/wp-content\/uploads\/2014\/03\/partners-kopia-300x63.png 300w, https:\/\/nowyork.pl\/wp-content\/uploads\/2014\/03\/partners-kopia-1024x215.png 1024w, https:\/\/nowyork.pl\/wp-content\/uploads\/2014\/03\/partners-kopia.png 1117w\" sizes=\"(max-width: 1117px) 100vw, 1117px\" \/><\/a><\/p>\n<\/div><\/div><\/div><style type=\"text\/css\">.fusion-body .fusion-builder-column-4{width:100% !important;margin-top : 0px;margin-bottom : 0px;}.fusion-builder-column-4 > .fusion-column-wrapper {padding-top : 0px !important;padding-right : 0px !important;margin-right : 1.92%;padding-bottom : 0px !important;padding-left : 0px !important;margin-left : 1.92%;}@media only screen and (max-width:1024px) {.fusion-body .fusion-builder-column-4{width:100% !important;}.fusion-builder-column-4 > .fusion-column-wrapper {margin-right : 1.92%;margin-left : 1.92%;}}@media only screen and (max-width:640px) {.fusion-body .fusion-builder-column-4{width:100% !important;}.fusion-builder-column-4 > .fusion-column-wrapper {margin-right : 1.92%;margin-left : 1.92%;}}<\/style><\/div><style type=\"text\/css\">.fusion-body .fusion-flex-container.fusion-builder-row-3{ padding-top : 45px;margin-top : 0px;padding-right : 0px;padding-bottom : 65px;margin-bottom : 0px;padding-left : 0px;}<\/style><\/div><\/div><div id=\"pages\"><div class=\"fusion-fullwidth fullwidth-box fusion-builder-row-4 fusion-flex-container fusion-parallax-fixed nonhundred-percent-fullwidth non-hundred-percent-height-scrolling\" style=\"background-color: #fff;background-image: url(&quot;https:\/\/nowyork.pl\/wp-content\/uploads\/2014\/03\/bg_new2.jpg&quot;);background-position: left top;background-repeat: no-repeat;border-width: 1px 0px 1px 0px;border-color:#e5e4e4;border-style:solid;-webkit-background-size:cover;-moz-background-size:cover;-o-background-size:cover;background-size:cover;background-attachment:fixed;\" ><div class=\"fusion-builder-row fusion-row fusion-flex-align-items-flex-start\" style=\"max-width:1144px;margin-left: calc(-4% \/ 2 );margin-right: calc(-4% \/ 2 );\"><div class=\"fusion-layout-column fusion_builder_column fusion-builder-column-5 fusion_builder_column_1_1 1_1 fusion-flex-column fusion-flex-align-self-flex-start fusion-column-no-min-height\"><div class=\"fusion-column-wrapper fusion-flex-justify-content-flex-start fusion-content-layout-column\" style=\"background-position:left top;background-repeat:no-repeat;-webkit-background-size:cover;-moz-background-size:cover;-o-background-size:cover;background-size:cover;padding: 0px 0px 0px 0px;\"><div class=\"fusion-text fusion-text-5\"><h1 style=\"text-align: center; font-size: 30px !important;\"><span style=\"color: #ffffff;\">SALON SPA NOWYORK TO:<\/span><\/h1>\n<p style=\"text-align: center; margin-top: -10px; font-size: 17px !important; line-height: 24px !important;\"><span style=\"color: #ffffff;\">Szeroka\u00a0oferta sprzeda\u017cy kosmetyk\u00f3w BIO-GROOM,\u00a0Pet-Silk, BOTANIQA, TOP PERFORMANCE, zabawek, szczotek, grzebieni,\u00a0 ubrankek GRANDE FINALE oraz karm ROYAL CANIN, BRIT, ACANA, PURINA.<\/span><br \/>\n<span style=\"color: #ffffff;\"> Posiadamy r\u00f3wnie\u017c smako\u0142yki renomowanych firm oraz kropelki i obro\u017ce do zwalczania pche\u0142 i kleszczy.<\/span><\/p>\n<\/div><div class=\"fusion-separator fusion-full-width-sep\" style=\"align-self: center;margin-left: auto;margin-right: auto;margin-top:15px;margin-bottom:40px;width:100%;\"><div class=\"fusion-separator-border sep-double sep-solid\" style=\"border-color:#e0dede;border-top-width:1px;border-bottom-width:1px;\"><\/div><\/div><\/div><\/div><style type=\"text\/css\">.fusion-body .fusion-builder-column-5{width:100% !important;margin-top : 0px;margin-bottom : 0px;}.fusion-builder-column-5 > .fusion-column-wrapper {padding-top : 0px !important;padding-right : 0px !important;margin-right : 1.92%;padding-bottom : 0px !important;padding-left : 0px !important;margin-left : 1.92%;}@media only screen and (max-width:1024px) {.fusion-body .fusion-builder-column-5{width:100% !important;}.fusion-builder-column-5 > .fusion-column-wrapper {margin-right : 1.92%;margin-left : 1.92%;}}@media only screen and (max-width:640px) {.fusion-body .fusion-builder-column-5{width:100% !important;}.fusion-builder-column-5 > .fusion-column-wrapper {margin-right : 1.92%;margin-left : 1.92%;}}<\/style><div class=\"fusion-layout-column fusion_builder_column fusion-builder-column-6 fusion_builder_column_1_3 1_3 fusion-flex-column\"><div class=\"fusion-column-wrapper fusion-flex-justify-content-flex-start fusion-content-layout-column\" style=\"background-position:left top;background-repeat:no-repeat;-webkit-background-size:cover;-moz-background-size:cover;-o-background-size:cover;background-size:cover;padding: 0px 0px 0px 0px;\"><div style=\"text-align:center;\"><span class=\" fusion-imageframe imageframe-none imageframe-2 hover-type-none fusion-animated\" data-animationType=\"fadeInDown\" data-animationDuration=\"1\" data-animationOffset=\"100%\"><a class=\"fusion-no-lightbox\" href=\"https:\/\/nowyork.pl\/index.php\/kim-jestesmy\/\" target=\"_self\" aria-label=\"kim_jestesmy\"><img width=\"303\" image_height=\"300\" image_id=\"11610\" alt=\"Avada Admin\" src=\"https:\/\/nowyork.pl\/wp-content\/uploads\/2015\/09\/kim_jestesmy.png\" class=\"img-responsive wp-image-11610\"\/><\/a><\/span><\/div><\/div><\/div><style type=\"text\/css\">.fusion-body .fusion-builder-column-6{width:33.333333333333% !important;margin-top : 0px;margin-bottom : 20px;}.fusion-builder-column-6 > .fusion-column-wrapper {padding-top : 0px !important;padding-right : 0px !important;margin-right : 5.76%;padding-bottom : 0px !important;padding-left : 0px !important;margin-left : 5.76%;}@media only screen and (max-width:1024px) {.fusion-body .fusion-builder-column-6{width:33.333333333333% !important;}.fusion-builder-column-6 > .fusion-column-wrapper {margin-right : 5.76%;margin-left : 5.76%;}}@media only screen and (max-width:640px) {.fusion-body .fusion-builder-column-6{width:100% !important;}.fusion-builder-column-6 > .fusion-column-wrapper {margin-right : 1.92%;margin-left : 1.92%;}}<\/style><div class=\"fusion-layout-column fusion_builder_column fusion-builder-column-7 fusion_builder_column_1_3 1_3 fusion-flex-column\"><div class=\"fusion-column-wrapper fusion-flex-justify-content-flex-start fusion-content-layout-column\" style=\"background-position:left top;background-repeat:no-repeat;-webkit-background-size:cover;-moz-background-size:cover;-o-background-size:cover;background-size:cover;padding: 0px 0px 0px 0px;\"><div style=\"text-align:center;\"><span class=\" fusion-imageframe imageframe-none imageframe-3 hover-type-none fusion-animated\" data-animationType=\"fadeInDown\" data-animationDuration=\"1\" data-animationOffset=\"100%\"><a class=\"fusion-no-lightbox\" href=\"https:\/\/sklep.nowyork.pl\/\" target=\"_self\" aria-label=\"sklep\"><img width=\"303\" image_height=\"300\" image_id=\"11612\" alt=\"Avada Admin\" src=\"https:\/\/nowyork.pl\/wp-content\/uploads\/2015\/09\/sklep.png\" class=\"img-responsive wp-image-11612\"\/><\/a><\/span><\/div><\/div><\/div><style type=\"text\/css\">.fusion-body .fusion-builder-column-7{width:33.333333333333% !important;margin-top : 0px;margin-bottom : 20px;}.fusion-builder-column-7 > .fusion-column-wrapper {padding-top : 0px !important;padding-right : 0px !important;margin-right : 5.76%;padding-bottom : 0px !important;padding-left : 0px !important;margin-left : 5.76%;}@media only screen and (max-width:1024px) {.fusion-body .fusion-builder-column-7{width:33.333333333333% !important;}.fusion-builder-column-7 > .fusion-column-wrapper {margin-right : 5.76%;margin-left : 5.76%;}}@media only screen and (max-width:640px) {.fusion-body .fusion-builder-column-7{width:100% !important;}.fusion-builder-column-7 > .fusion-column-wrapper {margin-right : 1.92%;margin-left : 1.92%;}}<\/style><div class=\"fusion-layout-column fusion_builder_column fusion-builder-column-8 fusion_builder_column_1_3 1_3 fusion-flex-column\"><div class=\"fusion-column-wrapper fusion-flex-justify-content-flex-start fusion-content-layout-column\" style=\"background-position:left top;background-repeat:no-repeat;-webkit-background-size:cover;-moz-background-size:cover;-o-background-size:cover;background-size:cover;padding: 0px 0px 0px 0px;\"><div style=\"text-align:center;\"><span class=\" fusion-imageframe imageframe-none imageframe-4 hover-type-none fusion-animated\" data-animationType=\"fadeInDown\" data-animationDuration=\"1\" data-animationOffset=\"100%\"><a class=\"fusion-no-lightbox\" href=\"https:\/\/nowyork.pl\/index.php\/kontakt-3\/\" target=\"_self\" aria-label=\"kontakt\"><img width=\"303\" image_height=\"300\" image_id=\"11611\" alt=\"Avada Admin\" src=\"https:\/\/nowyork.pl\/wp-content\/uploads\/2015\/09\/kontakt.png\" class=\"img-responsive wp-image-11611\"\/><\/a><\/span><\/div><\/div><\/div><style type=\"text\/css\">.fusion-body .fusion-builder-column-8{width:33.333333333333% !important;margin-top : 0px;margin-bottom : 20px;}.fusion-builder-column-8 > .fusion-column-wrapper {padding-top : 0px !important;padding-right : 0px !important;margin-right : 5.76%;padding-bottom : 0px !important;padding-left : 0px !important;margin-left : 5.76%;}@media only screen and (max-width:1024px) {.fusion-body .fusion-builder-column-8{width:33.333333333333% !important;}.fusion-builder-column-8 > .fusion-column-wrapper {margin-right : 5.76%;margin-left : 5.76%;}}@media only screen and (max-width:640px) {.fusion-body .fusion-builder-column-8{width:100% !important;}.fusion-builder-column-8 > .fusion-column-wrapper {margin-right : 1.92%;margin-left : 1.92%;}}<\/style><\/div><style type=\"text\/css\">.fusion-body .fusion-flex-container.fusion-builder-row-4{ padding-top : 45px;margin-top : 0px;padding-right : 0px;padding-bottom : 65px;margin-bottom : 0px;padding-left : 0px;}<\/style><\/div><\/div><\/p>\n","protected":false},"excerpt":{"rendered":"","protected":false},"author":1,"featured_media":0,"parent":0,"menu_order":0,"comment_status":"closed","ping_status":"closed","template":"100-width.php","meta":[],"_links":{"self":[{"href":"https:\/\/nowyork.pl\/index.php\/wp-json\/wp\/v2\/pages\/4548"}],"collection":[{"href":"https:\/\/nowyork.pl\/index.php\/wp-json\/wp\/v2\/pages"}],"about":[{"href":"https:\/\/nowyork.pl\/index.php\/wp-json\/wp\/v2\/types\/page"}],"author":[{"embeddable":true,"href":"https:\/\/nowyork.pl\/index.php\/wp-json\/wp\/v2\/users\/1"}],"replies":[{"embeddable":true,"href":"https:\/\/nowyork.pl\/index.php\/wp-json\/wp\/v2\/comments?post=4548"}],"version-history":[{"count":24,"href":"https:\/\/nowyork.pl\/index.php\/wp-json\/wp\/v2\/pages\/4548\/revisions"}],"predecessor-version":[{"id":12537,"href":"https:\/\/nowyork.pl\/index.php\/wp-json\/wp\/v2\/pages\/4548\/revisions\/12537"}],"wp:attachment":[{"href":"https:\/\/nowyork.pl\/index.php\/wp-json\/wp\/v2\/media?parent=4548"}],"curies":[{"name":"wp","href":"https:\/\/api.w.org\/{rel}","templated":true}]}}