{"id":12145,"date":"2018-03-09T10:02:21","date_gmt":"2018-03-09T09:02:21","guid":{"rendered":"https:\/\/nowyork.pl\/?post_type=product&#038;p=12145"},"modified":"2018-03-09T10:07:07","modified_gmt":"2018-03-09T09:07:07","slug":"splendido-soczyste-frykasy-delikatne-i-polwilgotne","status":"publish","type":"product","link":"https:\/\/nowyork.pl\/index.php\/produkt\/splendido-soczyste-frykasy-delikatne-i-polwilgotne\/","title":{"rendered":"SPLENDIDO SOCZYSTE FRYKASY \u2013 delikatne i p\u00f3\u0142wilgotne"},"content":{"rendered":"<div class=\"fusion-fullwidth fullwidth-box fusion-builder-row-1 fusion-flex-container nonhundred-percent-fullwidth non-hundred-percent-height-scrolling\" style=\"background-color: rgba(255,255,255,0);background-position: center center;background-repeat: no-repeat;border-width: 0px 0px 0px 0px;border-color:#eae9e9;border-style:solid;\" ><div class=\"fusion-builder-row fusion-row fusion-flex-align-items-flex-start\" style=\"max-width:calc( 1100px + 0px );margin-left: calc(-0px \/ 2 );margin-right: calc(-0px \/ 2 );\"><div class=\"fusion-layout-column fusion_builder_column fusion-builder-column-0 fusion_builder_column_1_1 1_1 fusion-flex-column\"><div class=\"fusion-column-wrapper fusion-flex-justify-content-flex-start fusion-content-layout-column\" style=\"background-position:left top;background-repeat:no-repeat;-webkit-background-size:cover;-moz-background-size:cover;-o-background-size:cover;background-size:cover;padding: 0px 0px 0px 0px;\"><div class=\"fusion-text fusion-text-1\"><div class=\"g-cols wpb_row type_default valign_middle vc_inner vc_custom_1476973778601\">\n<div class=\"vc_col-sm-8 wpb_column vc_column_container\">\n<div class=\"vc_column-inner\">\n<div class=\"wpb_wrapper\">\n<div class=\"wpb_text_column \">\n<div class=\"wpb_wrapper\">\n<div class=\"g-cols wpb_row type_default valign_middle vc_inner vc_custom_1476973768640\">\n<div class=\"vc_col-sm-8 wpb_column vc_column_container\">\n<div class=\"vc_column-inner\">\n<div class=\"wpb_wrapper\">\n<div class=\"wpb_text_column \">\n<div class=\"wpb_wrapper\">\n<div class=\"g-cols wpb_row type_default valign_middle vc_inner vc_custom_1476973768640\">\n<div class=\"vc_col-sm-8 wpb_column vc_column_container\">\n<div class=\"vc_column-inner\">\n<div class=\"wpb_wrapper\">\n<div class=\"wpb_text_column \">\n<div class=\"wpb_wrapper\">\n<div class=\"g-cols wpb_row type_default valign_middle vc_inner vc_custom_1477084816834\">\n<div class=\"vc_col-sm-8 wpb_column vc_column_container\">\n<div class=\"vc_column-inner\">\n<div class=\"wpb_wrapper\">\n<div class=\"wpb_text_column \">\n<div class=\"wpb_wrapper\">\n<p>Domowej roboty, delikatne frykasy dla psa z serii SPLENDIDO.\u00a0 Unikatowa receptura mi\u0119kkich i soczystych kr\u0105\u017ck\u00f3w nadaje tym przysmakom wyj\u0105tkowy charakter. Soczyste Frykasy doskonale sprawdzaj\u0105 si\u0119 jako nagroda podczas codziennych spacer\u00f3w lub trening\u00f3w.<\/p>\n<p><strong>Sk\u0142ad\u00a0<\/strong>:Wo\u0142owina w tym (50% kolagen, 35% mi\u0119so wo\u0142owe), 10% zbo\u017ca, 3% warzywa, woda, oleje i t\u0142uszcze.<\/p>\n<p><strong>Zawarto\u015b\u0107 opakowania<\/strong>: 200g<\/p>\n<p>Produkty poddany kontroli mikrobiologicznej w akredytowanym laboratorium.<\/p>\n<\/div>\n<\/div>\n<\/div>\n<\/div>\n<\/div>\n<\/div>\n<\/div>\n<\/div>\n<\/div>\n<\/div>\n<\/div>\n<\/div>\n<\/div>\n<\/div>\n<\/div>\n<\/div>\n<\/div>\n<\/div>\n<\/div>\n<\/div>\n<\/div>\n<\/div>\n<\/div>\n<\/div>\n<\/div><\/div><\/div><style type=\"text\/css\">.fusion-body .fusion-builder-column-0{width:100% !important;margin-top : 0px;margin-bottom : 0px;}.fusion-builder-column-0 > .fusion-column-wrapper {padding-top : 0px !important;padding-right : 0px !important;margin-right : 0px;padding-bottom : 0px !important;padding-left : 0px !important;margin-left : 0px;}@media only screen and (max-width:1024px) {.fusion-body .fusion-builder-column-0{width:100% !important;}.fusion-builder-column-0 > .fusion-column-wrapper {margin-right : 0px;margin-left : 0px;}}@media only screen and (max-width:640px) {.fusion-body .fusion-builder-column-0{width:100% !important;}.fusion-builder-column-0 > .fusion-column-wrapper {margin-right : 0px;margin-left : 0px;}}<\/style><\/div><style type=\"text\/css\">.fusion-body .fusion-flex-container.fusion-builder-row-1{ padding-top : 0px;margin-top : 0px;padding-right : 0px;padding-bottom : 0px;margin-bottom : 0px;padding-left : 0px;}<\/style><\/div>\n","protected":false},"excerpt":{"rendered":"","protected":false},"featured_media":12149,"template":"","meta":[],"product_cat":[76,70,79],"product_tag":[135,138,139,136,137],"_links":{"self":[{"href":"https:\/\/nowyork.pl\/index.php\/wp-json\/wp\/v2\/product\/12145"}],"collection":[{"href":"https:\/\/nowyork.pl\/index.php\/wp-json\/wp\/v2\/product"}],"about":[{"href":"https:\/\/nowyork.pl\/index.php\/wp-json\/wp\/v2\/types\/product"}],"wp:featuredmedia":[{"embeddable":true,"href":"https:\/\/nowyork.pl\/index.php\/wp-json\/wp\/v2\/media\/12149"}],"wp:attachment":[{"href":"https:\/\/nowyork.pl\/index.php\/wp-json\/wp\/v2\/media?parent=12145"}],"wp:term":[{"taxonomy":"product_cat","embeddable":true,"href":"https:\/\/nowyork.pl\/index.php\/wp-json\/wp\/v2\/product_cat?post=12145"},{"taxonomy":"product_tag","embeddable":true,"href":"https:\/\/nowyork.pl\/index.php\/wp-json\/wp\/v2\/product_tag?post=12145"}],"curies":[{"name":"wp","href":"https:\/\/api.w.org\/{rel}","templated":true}]}}