{"id":12219,"date":"2018-03-10T12:28:40","date_gmt":"2018-03-10T11:28:40","guid":{"rendered":"https:\/\/nowyork.pl\/?post_type=product&#038;p=12219"},"modified":"2018-03-10T12:29:58","modified_gmt":"2018-03-10T11:29:58","slug":"dolina-noteci-premium-bogata-w-dziczyzne-400-g-2","status":"publish","type":"product","link":"https:\/\/nowyork.pl\/index.php\/produkt\/dolina-noteci-premium-bogata-w-dziczyzne-400-g-2\/","title":{"rendered":"DOLINA NOTECI PREMIUM BOGATA W DZICZYZN\u0118 400 g"},"content":{"rendered":"<div class=\"fusion-fullwidth fullwidth-box fusion-builder-row-1 fusion-flex-container nonhundred-percent-fullwidth non-hundred-percent-height-scrolling\" style=\"background-color: rgba(255,255,255,0);background-position: center center;background-repeat: no-repeat;border-width: 0px 0px 0px 0px;border-color:#eae9e9;border-style:solid;\" ><div class=\"fusion-builder-row fusion-row fusion-flex-align-items-flex-start\" style=\"max-width:calc( 1100px + 0px );margin-left: calc(-0px \/ 2 );margin-right: calc(-0px \/ 2 );\"><div class=\"fusion-layout-column fusion_builder_column fusion-builder-column-0 fusion_builder_column_1_1 1_1 fusion-flex-column\"><div class=\"fusion-column-wrapper fusion-flex-justify-content-flex-start fusion-content-layout-column\" style=\"background-position:left top;background-repeat:no-repeat;-webkit-background-size:cover;-moz-background-size:cover;-o-background-size:cover;background-size:cover;padding: 0px 0px 0px 0px;\"><div class=\"fusion-text fusion-text-1\"><div class=\"short-description\">\n<div class=\"std\"><em><strong>Pe\u0142noporcjowa karma dla doros\u0142ych ps\u00f3w wszystkich ras bogata w dziczyzn\u0119 400 g<\/strong><\/em><\/div>\n<\/div>\n<div class=\"description\">\n<div class=\"std\">Odpowiednio skomponowana karma dostarcza psu niezb\u0119dnych sk\u0142adnik\u00f3w. Mi\u0119so i produkty pochodz\u0105ce z dziczyzny stanowi\u0105 cenne \u017ar\u00f3d\u0142o \u017celaza, selenu, miedzi i cynku. S\u0105 to sk\u0142adniki mineralne odgrywaj\u0105ce istotn\u0105 rol\u0119 w pobudzaniu funkcji obronnych organizmu, jak i stymulacji w\u0142a\u015bciwo\u015bci przeciwutleniaj\u0105cych p\u0142yn\u00f3w ustrojowych. Odgrywaj\u0105 r\u00f3wnie\u017c istotn\u0105 rol\u0119 w regulacji funkcji sk\u00f3ry. Dziczyzna jest tak\u017ce \u017ar\u00f3d\u0142em witaminy B12, niacyny oraz witamin rozpuszczalnych w t\u0142uszczach. Zapewni dobre samopoczucie Twojego psa!<\/div>\n<\/div>\n<div><\/div>\n<div><\/div>\n<div>\n<div><em><strong>Sk\u0142ad:\u00a0<\/strong><\/em><br \/>\nwo\u0142owina 27% (p\u0142uca, w\u0105troba, wymiona, \u017co\u0142\u0105dki), wieprzowina 26% (w\u0105troba, prze\u0142yki, mi\u0119so wieprzowe), ros\u00f3\u0142, dziczyzna 15%, jaja 3%, marchew 1,7%, ry\u017c naturalny br\u0105zowy 1,2%, w\u0119glan wapnia, tr\u00f3jpolifosforan sodu, olej lniany 0,2%, nasiona psyllium 0,2%, chlorek potasu, bazylia 0,01%.<\/div>\n<p>&nbsp;<\/p>\n<div>Sk\u0142adniki analityczne:<br \/>\nbia\u0142ko \u2013 11%, oleje i t\u0142uszcze surowe \u2013 6,5%, popi\u00f3\u0142 surowy \u2013 2,5%, w\u0142\u00f3kno surowe \u2013 0,3%, wilgotno\u015b\u0107 \u2013 76,5%, wap\u0144 \u2013 0,3%, fosfor \u2013 0,25%.<\/div>\n<p>&nbsp;<\/p>\n<div>Dodatki:<br \/>\nWitamina D3 (cholekalcyferol) \u2013 450 IU, Witamina E (octan dl-alfa-tokoferylu) \u2013 40 mg, E6\/Cynk (tlenek cynku) \u2013 30 mg, E4\/Mied\u017a (siarczan miedzi pi\u0119ciowodny) \u2013 3 mg, E5\/Mangan (tlenek manganu) \u2013 2 mg, E2\/Jod (jodan wapnia) \u2013 0,3 mg.<\/div>\n<\/div>\n<\/div><\/div><\/div><style type=\"text\/css\">.fusion-body .fusion-builder-column-0{width:100% !important;margin-top : 0px;margin-bottom : 0px;}.fusion-builder-column-0 > .fusion-column-wrapper {padding-top : 0px !important;padding-right : 0px !important;margin-right : 0px;padding-bottom : 0px !important;padding-left : 0px !important;margin-left : 0px;}@media only screen and (max-width:1024px) {.fusion-body .fusion-builder-column-0{width:100% !important;}.fusion-builder-column-0 > .fusion-column-wrapper {margin-right : 0px;margin-left : 0px;}}@media only screen and (max-width:640px) {.fusion-body .fusion-builder-column-0{width:100% !important;}.fusion-builder-column-0 > .fusion-column-wrapper {margin-right : 0px;margin-left : 0px;}}<\/style><\/div><style type=\"text\/css\">.fusion-body .fusion-flex-container.fusion-builder-row-1{ padding-top : 0px;margin-top : 0px;padding-right : 0px;padding-bottom : 0px;margin-bottom : 0px;padding-left : 0px;}<\/style><\/div>\n","protected":false},"excerpt":{"rendered":"","protected":false},"featured_media":12207,"template":"","meta":[],"product_cat":[76,78,70],"product_tag":[168,142,171,169,170],"_links":{"self":[{"href":"https:\/\/nowyork.pl\/index.php\/wp-json\/wp\/v2\/product\/12219"}],"collection":[{"href":"https:\/\/nowyork.pl\/index.php\/wp-json\/wp\/v2\/product"}],"about":[{"href":"https:\/\/nowyork.pl\/index.php\/wp-json\/wp\/v2\/types\/product"}],"wp:featuredmedia":[{"embeddable":true,"href":"https:\/\/nowyork.pl\/index.php\/wp-json\/wp\/v2\/media\/12207"}],"wp:attachment":[{"href":"https:\/\/nowyork.pl\/index.php\/wp-json\/wp\/v2\/media?parent=12219"}],"wp:term":[{"taxonomy":"product_cat","embeddable":true,"href":"https:\/\/nowyork.pl\/index.php\/wp-json\/wp\/v2\/product_cat?post=12219"},{"taxonomy":"product_tag","embeddable":true,"href":"https:\/\/nowyork.pl\/index.php\/wp-json\/wp\/v2\/product_tag?post=12219"}],"curies":[{"name":"wp","href":"https:\/\/api.w.org\/{rel}","templated":true}]}}