{"id":12222,"date":"2018-03-10T12:36:54","date_gmt":"2018-03-10T11:36:54","guid":{"rendered":"https:\/\/nowyork.pl\/?post_type=product&#038;p=12222"},"modified":"2018-03-10T12:38:27","modified_gmt":"2018-03-10T11:38:27","slug":"dolina-noteci-premium-bogata-w-jagniecine-400-g","status":"publish","type":"product","link":"https:\/\/nowyork.pl\/index.php\/produkt\/dolina-noteci-premium-bogata-w-jagniecine-400-g\/","title":{"rendered":"DOLINA NOTECI PREMIUM BOGATA W JAGNI\u0118CIN\u0118 400 g"},"content":{"rendered":"<div class=\"fusion-fullwidth fullwidth-box fusion-builder-row-1 fusion-flex-container nonhundred-percent-fullwidth non-hundred-percent-height-scrolling\" style=\"background-color: rgba(255,255,255,0);background-position: center center;background-repeat: no-repeat;border-width: 0px 0px 0px 0px;border-color:#eae9e9;border-style:solid;\" ><div class=\"fusion-builder-row fusion-row fusion-flex-align-items-flex-start\" style=\"max-width:calc( 1100px + 0px );margin-left: calc(-0px \/ 2 );margin-right: calc(-0px \/ 2 );\"><div class=\"fusion-layout-column fusion_builder_column fusion-builder-column-0 fusion_builder_column_1_1 1_1 fusion-flex-column\"><div class=\"fusion-column-wrapper fusion-flex-justify-content-flex-start fusion-content-layout-column\" style=\"background-position:left top;background-repeat:no-repeat;-webkit-background-size:cover;-moz-background-size:cover;-o-background-size:cover;background-size:cover;padding: 0px 0px 0px 0px;\"><div class=\"fusion-text fusion-text-1\"><div class=\"short-description\">\n<div class=\"std\"><em><strong>Pe\u0142noporcjowa karma dla doros\u0142ych ps\u00f3w wszystkich ras bogata w jagni\u0119cin\u0119 400 g<\/strong><\/em><\/div>\n<\/div>\n<div class=\"description\">\n<div class=\"std\">Aby zapewni\u0107 psu odpowiedni rozw\u00f3j oraz zdrowie warto zwr\u00f3ci\u0107 uwag\u0119 na sk\u0142ad karmy, kt\u00f3r\u0105 podaje si\u0119 psu. Karma jest \u017ar\u00f3d\u0142em wysokiej jako\u015bci bia\u0142ka bogatego w aminokwasy takie jak lizyna i leucyna. Jagni\u0119cina stanowi cenne \u017ar\u00f3d\u0142o \u017celaza i miedzi \u2013 sk\u0142adnik\u00f3w mineralnych podnosz\u0105cych odporno\u015b\u0107 organizmu. Sk\u0142adniki te s\u0105 te\u017c odpowiedzialne za prawid\u0142ow\u0105 funkcj\u0119 krwi i uk\u0142adu kr\u0105\u017cenia. Dodatkowo t\u0142uszcz z tego gatunku mi\u0119sa charakteryzuje si\u0119 wysok\u0105 zawarto\u015bci\u0105 kwas\u00f3w t\u0142uszczowych z rodziny n-3 i n-6, kt\u00f3re poprzez kontrol\u0119 proces\u00f3w zapalnych stymuluj\u0105 funkcje sk\u00f3ry. Podaruj psu zdrowie!<\/div>\n<\/div>\n<div><\/div>\n<div>\n<div><em><strong>Sk\u0142ad:\u00a0<\/strong><\/em><br \/>\nwieprzowina 36% (w\u0105troba, serca, prze\u0142yki, mi\u0119so wieprzowe), ros\u00f3\u0142, jagni\u0119cina 15% (w\u0105troba, p\u0142uca), wo\u0142owina 15% (p\u0142uca, wymiona, \u017co\u0142\u0105dki), jaja 3%, marchew 1,7%, ry\u017c naturalny br\u0105zowy 1,2%, w\u0119glan wapnia, tr\u00f3jpolifosforan sodu, olej lniany 0,2%, nasiona psyllium 0,2%, chlorek potasu, bazylia 0,01%.<\/div>\n<p>&nbsp;<\/p>\n<div>Sk\u0142adniki analityczne:<br \/>\nbia\u0142ko \u2013 11%, oleje i t\u0142uszcze surowe \u2013 6%, popi\u00f3\u0142 surowy \u2013 2,5%, w\u0142\u00f3kno surowe \u2013 0,3%, wilgotno\u015b\u0107 \u2013 76,5%, wap\u0144 \u2013 0,3%, fosfor \u2013 0,25%.<\/div>\n<p>&nbsp;<\/p>\n<div>Dodatki:<br \/>\nWitamina D3 (cholekalcyferol) \u2013 450 IU, Witamina E (octan dl-alfa-tokoferylu) \u2013 40 mg, E6\/Cynk (tlenek cynku) \u2013 30 mg, E4\/Mied\u017a (siarczan miedzi pi\u0119ciowodny) \u2013 3 mg, E5\/Mangan (tlenek manganu) \u2013 2 mg, E2\/Jod (jodan wapnia) \u2013 0,3 mg.<\/div>\n<\/div>\n<\/div><\/div><\/div><style type=\"text\/css\">.fusion-body .fusion-builder-column-0{width:100% !important;margin-top : 0px;margin-bottom : 0px;}.fusion-builder-column-0 > .fusion-column-wrapper {padding-top : 0px !important;padding-right : 0px !important;margin-right : 0px;padding-bottom : 0px !important;padding-left : 0px !important;margin-left : 0px;}@media only screen and (max-width:1024px) {.fusion-body .fusion-builder-column-0{width:100% !important;}.fusion-builder-column-0 > .fusion-column-wrapper {margin-right : 0px;margin-left : 0px;}}@media only screen and (max-width:640px) {.fusion-body .fusion-builder-column-0{width:100% !important;}.fusion-builder-column-0 > .fusion-column-wrapper {margin-right : 0px;margin-left : 0px;}}<\/style><\/div><style type=\"text\/css\">.fusion-body .fusion-flex-container.fusion-builder-row-1{ padding-top : 0px;margin-top : 0px;padding-right : 0px;padding-bottom : 0px;margin-bottom : 0px;padding-left : 0px;}<\/style><\/div>\n","protected":false},"excerpt":{"rendered":"","protected":false},"featured_media":12210,"template":"","meta":[],"product_cat":[76,78,70],"product_tag":[168,142,171,169,170],"_links":{"self":[{"href":"https:\/\/nowyork.pl\/index.php\/wp-json\/wp\/v2\/product\/12222"}],"collection":[{"href":"https:\/\/nowyork.pl\/index.php\/wp-json\/wp\/v2\/product"}],"about":[{"href":"https:\/\/nowyork.pl\/index.php\/wp-json\/wp\/v2\/types\/product"}],"wp:featuredmedia":[{"embeddable":true,"href":"https:\/\/nowyork.pl\/index.php\/wp-json\/wp\/v2\/media\/12210"}],"wp:attachment":[{"href":"https:\/\/nowyork.pl\/index.php\/wp-json\/wp\/v2\/media?parent=12222"}],"wp:term":[{"taxonomy":"product_cat","embeddable":true,"href":"https:\/\/nowyork.pl\/index.php\/wp-json\/wp\/v2\/product_cat?post=12222"},{"taxonomy":"product_tag","embeddable":true,"href":"https:\/\/nowyork.pl\/index.php\/wp-json\/wp\/v2\/product_tag?post=12222"}],"curies":[{"name":"wp","href":"https:\/\/api.w.org\/{rel}","templated":true}]}}