{"id":12311,"date":"2018-03-26T19:24:53","date_gmt":"2018-03-26T17:24:53","guid":{"rendered":"https:\/\/nowyork.pl\/?post_type=product&#038;p=12311"},"modified":"2018-03-26T19:27:37","modified_gmt":"2018-03-26T17:27:37","slug":"szampon-dla-psa-easy-brush","status":"publish","type":"product","link":"https:\/\/nowyork.pl\/index.php\/produkt\/szampon-dla-psa-easy-brush\/","title":{"rendered":"SZAMPON DLA PSA &#8211; EASY BRUSH"},"content":{"rendered":"<div class=\"fusion-fullwidth fullwidth-box fusion-builder-row-1 fusion-flex-container nonhundred-percent-fullwidth non-hundred-percent-height-scrolling\" style=\"background-color: rgba(255,255,255,0);background-position: center center;background-repeat: no-repeat;border-width: 0px 0px 0px 0px;border-color:#eae9e9;border-style:solid;\" ><div class=\"fusion-builder-row fusion-row fusion-flex-align-items-flex-start\" style=\"max-width:calc( 1100px + 0px );margin-left: calc(-0px \/ 2 );margin-right: calc(-0px \/ 2 );\"><div class=\"fusion-layout-column fusion_builder_column fusion-builder-column-0 fusion_builder_column_1_1 1_1 fusion-flex-column\"><div class=\"fusion-column-wrapper fusion-flex-justify-content-flex-start fusion-content-layout-column\" style=\"background-position:left top;background-repeat:no-repeat;-webkit-background-size:cover;-moz-background-size:cover;-o-background-size:cover;background-size:cover;padding: 0px 0px 0px 0px;\"><div class=\"fusion-text fusion-text-1\"><div class=\"short-description\">\n<p><strong>Szampon dla ps\u00f3w u\u0142atwiaj\u0105cy rozczesywanie<\/strong>\u00a0(olej jojoba + witaminy) przeznaczony dla ps\u00f3w o mi\u0119kkiej d\u0142ugiej sier\u015bci.<\/p>\n<p>Szampon zapewnia efekt zdrowej i b\u0142yszcz\u0105cej sier\u015bci u ps\u00f3w. Wzbogacony olejem jojoba oraz kosmetycznymi \u015brodkami zmi\u0119kczaj\u0105cymi i witaminami, nawil\u017ca, od\u017cywia i uelastycznia w\u0142osy oraz zapobiega ich rozdwajaniu i wypadaniu.<\/p>\n<p><strong>Szczeg\u00f3lnie polecany dla ps\u00f3w z objawami wysuszonej sier\u015bci.<\/strong><\/p>\n<p>Jego znakomite w\u0142a\u015bciwo\u015bci docenili zawodowcy. Podczas\u00a0<strong>VIII Master Grooming Show<\/strong>, organizowanego przez\u00a0<a href=\"http:\/\/www.psgroomer.pl\/strona-domowa\" target=\"_blank\" rel=\"noopener\">Polskie Stowarzyszenie Groomer\u00f3w<\/a>, jedyne oficjalne Mistrzostwa Polski w czesaniu i strzy\u017ceniu ps\u00f3w, szampon Easy Brush,<strong>\u00a0<a href=\"https:\/\/kosmetyki.drlucy.pl\/polskie-stowarzyszenie-groomerow-nagrodzilo-szampon-dla-psow-dr-lucy-\" target=\"_blank\" rel=\"noopener\">otrzyma\u0142 wyr\u00f3\u017cnienie<\/a>.<\/strong><\/p>\n<\/div>\n<\/div><\/div><\/div><style type=\"text\/css\">.fusion-body .fusion-builder-column-0{width:100% !important;margin-top : 0px;margin-bottom : 0px;}.fusion-builder-column-0 > .fusion-column-wrapper {padding-top : 0px !important;padding-right : 0px !important;margin-right : 0px;padding-bottom : 0px !important;padding-left : 0px !important;margin-left : 0px;}@media only screen and (max-width:1024px) {.fusion-body .fusion-builder-column-0{width:100% !important;}.fusion-builder-column-0 > .fusion-column-wrapper {margin-right : 0px;margin-left : 0px;}}@media only screen and (max-width:640px) {.fusion-body .fusion-builder-column-0{width:100% !important;}.fusion-builder-column-0 > .fusion-column-wrapper {margin-right : 0px;margin-left : 0px;}}<\/style><\/div><style type=\"text\/css\">.fusion-body .fusion-flex-container.fusion-builder-row-1{ padding-top : 0px;margin-top : 0px;padding-right : 0px;padding-bottom : 0px;margin-bottom : 0px;padding-left : 0px;}<\/style><\/div>\n","protected":false},"excerpt":{"rendered":"","protected":false},"featured_media":12313,"template":"","meta":[],"product_cat":[80,70,81],"product_tag":[173,177],"_links":{"self":[{"href":"https:\/\/nowyork.pl\/index.php\/wp-json\/wp\/v2\/product\/12311"}],"collection":[{"href":"https:\/\/nowyork.pl\/index.php\/wp-json\/wp\/v2\/product"}],"about":[{"href":"https:\/\/nowyork.pl\/index.php\/wp-json\/wp\/v2\/types\/product"}],"wp:featuredmedia":[{"embeddable":true,"href":"https:\/\/nowyork.pl\/index.php\/wp-json\/wp\/v2\/media\/12313"}],"wp:attachment":[{"href":"https:\/\/nowyork.pl\/index.php\/wp-json\/wp\/v2\/media?parent=12311"}],"wp:term":[{"taxonomy":"product_cat","embeddable":true,"href":"https:\/\/nowyork.pl\/index.php\/wp-json\/wp\/v2\/product_cat?post=12311"},{"taxonomy":"product_tag","embeddable":true,"href":"https:\/\/nowyork.pl\/index.php\/wp-json\/wp\/v2\/product_tag?post=12311"}],"curies":[{"name":"wp","href":"https:\/\/api.w.org\/{rel}","templated":true}]}}