{"id":12318,"date":"2018-03-26T19:33:11","date_gmt":"2018-03-26T17:33:11","guid":{"rendered":"https:\/\/nowyork.pl\/?post_type=product&#038;p=12318"},"modified":"2018-03-26T19:35:32","modified_gmt":"2018-03-26T17:35:32","slug":"zestaw-dla-boksera-pitbulla-amstafa","status":"publish","type":"product","link":"https:\/\/nowyork.pl\/index.php\/produkt\/zestaw-dla-boksera-pitbulla-amstafa\/","title":{"rendered":"ZESTAW DLA BOKSERA, PITBULLA, AMSTAFA"},"content":{"rendered":"<div class=\"fusion-fullwidth fullwidth-box fusion-builder-row-1 fusion-flex-container nonhundred-percent-fullwidth non-hundred-percent-height-scrolling\" style=\"background-color: rgba(255,255,255,0);background-position: center center;background-repeat: no-repeat;border-width: 0px 0px 0px 0px;border-color:#eae9e9;border-style:solid;\" ><div class=\"fusion-builder-row fusion-row fusion-flex-align-items-flex-start\" style=\"max-width:calc( 1100px + 0px );margin-left: calc(-0px \/ 2 );margin-right: calc(-0px \/ 2 );\"><div class=\"fusion-layout-column fusion_builder_column fusion-builder-column-0 fusion_builder_column_1_1 1_1 fusion-flex-column\"><div class=\"fusion-column-wrapper fusion-flex-justify-content-flex-start fusion-content-layout-column\" style=\"background-position:left top;background-repeat:no-repeat;-webkit-background-size:cover;-moz-background-size:cover;-o-background-size:cover;background-size:cover;padding: 0px 0px 0px 0px;\"><div class=\"fusion-text fusion-text-1\"><div class=\"short-description\">\n<p>Promocyjny zestaw kosmetyk\u00f3w\u00a0teraz w lepszej cenie: 97z\u0142\/133z\u0142\u00a0&#8211; oszcz\u0119dzasz 36 z\u0142 na zakupach 3+1!\u00a0Sprawd\u017a zawarto\u015b\u0107 zestawu!<\/p>\n<p>Kosmetyki wyr\u00f3\u017cnione w presti\u017cowym rankingu konsument\u00f3w Top For Dog!<\/p>\n<p>Szampon Shine\u00a0\u0142agodny szampon piel\u0119gnuj\u0105cy, kt\u00f3ry nada sier\u015bci Twojego psa po\u0142ysk. Olej jojoba oraz skrzyp polny zawarte w jego sk\u0142adzie zadbaj\u0105 nie tylko o wygl\u0105d, ale te\u017c doskona\u0142\u0105 kondycj\u0119 w\u0142osa.<\/p>\n<p>Aby sier\u015b\u0107 psa odzyska\u0142a po\u0142ysk i jednocze\u015bnie w\u0142osy zosta\u0142y wzmocnione w zestawie znalaz\u0142 si\u0119\u00a0szampon Nutri.\u00a0Preparat zawiera witaminy i wap\u0144.<\/p>\n<p>Preparat Muscle, to lotion\u00a0skutecznie uwydatniaj\u0105cy sylwetk\u0119 i muskulatur\u0119 psa. Od\u017cywia sier\u015b\u0107\u00a0zapobiegaj\u0105c wypadaniu w\u0142os\u00f3w. Sprawdza si\u0119 doskonale w czasie przygotowa\u0144 psa do wystawy.<\/p>\n<p>Zestaw dope\u0142nia od\u017cywka do w\u0142os\u00f3w\u00a0AlOvital\u00a0z wyci\u0105giem z aloesu i witaminami. Idealnie dzia\u0142a zar\u00f3wno na sier\u015b\u0107 psa, jak na sk\u00f3r\u0119. Zapobiega tworzeniu si\u0119 ko\u0142tun\u00f3w, dzia\u0142a antystatycznie, poprawia ukrwienie sk\u00f3ry psa.<\/p>\n<\/div>\n<\/div><\/div><\/div><style type=\"text\/css\">.fusion-body .fusion-builder-column-0{width:100% !important;margin-top : 0px;margin-bottom : 0px;}.fusion-builder-column-0 > .fusion-column-wrapper {padding-top : 0px !important;padding-right : 0px !important;margin-right : 0px;padding-bottom : 0px !important;padding-left : 0px !important;margin-left : 0px;}@media only screen and (max-width:1024px) {.fusion-body .fusion-builder-column-0{width:100% !important;}.fusion-builder-column-0 > .fusion-column-wrapper {margin-right : 0px;margin-left : 0px;}}@media only screen and (max-width:640px) {.fusion-body .fusion-builder-column-0{width:100% !important;}.fusion-builder-column-0 > .fusion-column-wrapper {margin-right : 0px;margin-left : 0px;}}<\/style><\/div><style type=\"text\/css\">.fusion-body .fusion-flex-container.fusion-builder-row-1{ padding-top : 0px;margin-top : 0px;padding-right : 0px;padding-bottom : 0px;margin-bottom : 0px;padding-left : 0px;}<\/style><\/div>\n","protected":false},"excerpt":{"rendered":"","protected":false},"featured_media":12319,"template":"","meta":[],"product_cat":[80,70,81],"product_tag":[182,173,181,180,183],"_links":{"self":[{"href":"https:\/\/nowyork.pl\/index.php\/wp-json\/wp\/v2\/product\/12318"}],"collection":[{"href":"https:\/\/nowyork.pl\/index.php\/wp-json\/wp\/v2\/product"}],"about":[{"href":"https:\/\/nowyork.pl\/index.php\/wp-json\/wp\/v2\/types\/product"}],"wp:featuredmedia":[{"embeddable":true,"href":"https:\/\/nowyork.pl\/index.php\/wp-json\/wp\/v2\/media\/12319"}],"wp:attachment":[{"href":"https:\/\/nowyork.pl\/index.php\/wp-json\/wp\/v2\/media?parent=12318"}],"wp:term":[{"taxonomy":"product_cat","embeddable":true,"href":"https:\/\/nowyork.pl\/index.php\/wp-json\/wp\/v2\/product_cat?post=12318"},{"taxonomy":"product_tag","embeddable":true,"href":"https:\/\/nowyork.pl\/index.php\/wp-json\/wp\/v2\/product_tag?post=12318"}],"curies":[{"name":"wp","href":"https:\/\/api.w.org\/{rel}","templated":true}]}}