{"id":12322,"date":"2018-03-26T19:38:45","date_gmt":"2018-03-26T17:38:45","guid":{"rendered":"https:\/\/nowyork.pl\/?post_type=product&#038;p=12322"},"modified":"2018-03-26T19:41:55","modified_gmt":"2018-03-26T17:41:55","slug":"zestaw-dla-yorka-i-shi-tzu","status":"publish","type":"product","link":"https:\/\/nowyork.pl\/index.php\/produkt\/zestaw-dla-yorka-i-shi-tzu\/","title":{"rendered":"ZESTAW DLA YORKA I SHI TZU"},"content":{"rendered":"<div class=\"fusion-fullwidth fullwidth-box fusion-builder-row-1 fusion-flex-container nonhundred-percent-fullwidth non-hundred-percent-height-scrolling\" style=\"background-color: rgba(255,255,255,0);background-position: center center;background-repeat: no-repeat;border-width: 0px 0px 0px 0px;border-color:#eae9e9;border-style:solid;\" ><div class=\"fusion-builder-row fusion-row fusion-flex-align-items-flex-start\" style=\"max-width:calc( 1100px + 0px );margin-left: calc(-0px \/ 2 );margin-right: calc(-0px \/ 2 );\"><div class=\"fusion-layout-column fusion_builder_column fusion-builder-column-0 fusion_builder_column_1_1 1_1 fusion-flex-column\"><div class=\"fusion-column-wrapper fusion-flex-justify-content-flex-start fusion-content-layout-column\" style=\"background-position:left top;background-repeat:no-repeat;-webkit-background-size:cover;-moz-background-size:cover;-o-background-size:cover;background-size:cover;padding: 0px 0px 0px 0px;\"><div class=\"fusion-text fusion-text-1\"><div class=\"short-description\">\n<p>Zestaw dla yorka i shitzu jest idealny dla wszystkich ps\u00f3w o sier\u015bci lej\u0105cej, jedwabistej. Baz\u0105\u00a0zestawu jest doskona\u0142y szampon\u00a0Soft. Zawieraj\u0105cy wyci\u0105g z pokrzywy i mydlnicy lekarskiej, bogaty w witaminy\u00a0preparat doskonale myje i zmi\u0119kcza w\u0142osy.<\/p>\n<p>W zachowaniu pi\u0119kna w\u0142osa na co dzie\u0144 pomo\u017ce\u00a0Lotion Silk.\u00a0Dzi\u0119ki zawartych w nim proteinom pszenicy, aloesowi i witaminom, w\u0142os psa b\u0119dzie \u0142atwo u\u0142o\u017cy\u0107, a lotion uwydatni fale sier\u015bci.<\/p>\n<p>Podstawow\u0105 piel\u0119gnacj\u0119 w\u0142os\u00f3w &#8211; czesanie &#8211; u\u0142atwi zawarty w zestawie\u00a0Easy Brush Spray. Preparat pomo\u017ce w rozczesaniu nawet sko\u0142tunionych w\u0142os\u00f3w, nie wymaga sp\u0142ukiwania, jest wi\u0119c \u0142atwy w u\u017cyciu.<\/p>\n<p>Zestaw dope\u0142nia od\u017cywka do w\u0142os\u00f3w\u00a0ALOvital\u00a0z wyci\u0105giem z Aloesu i witaminami. Idealnie dzia\u0142a zar\u00f3wno na sier\u015b\u0107 psa, jak na sk\u00f3r\u0119. Zapobiega tworzeniu si\u0119 ko\u0142tun\u00f3w, dzia\u0142a antystatycznie, poprawia ukrwienie sk\u00f3ry psa.<\/p>\n<\/div>\n<\/div><\/div><\/div><style type=\"text\/css\">.fusion-body .fusion-builder-column-0{width:100% !important;margin-top : 0px;margin-bottom : 0px;}.fusion-builder-column-0 > .fusion-column-wrapper {padding-top : 0px !important;padding-right : 0px !important;margin-right : 0px;padding-bottom : 0px !important;padding-left : 0px !important;margin-left : 0px;}@media only screen and (max-width:1024px) {.fusion-body .fusion-builder-column-0{width:100% !important;}.fusion-builder-column-0 > .fusion-column-wrapper {margin-right : 0px;margin-left : 0px;}}@media only screen and (max-width:640px) {.fusion-body .fusion-builder-column-0{width:100% !important;}.fusion-builder-column-0 > .fusion-column-wrapper {margin-right : 0px;margin-left : 0px;}}<\/style><\/div><style type=\"text\/css\">.fusion-body .fusion-flex-container.fusion-builder-row-1{ padding-top : 0px;margin-top : 0px;padding-right : 0px;padding-bottom : 0px;margin-bottom : 0px;padding-left : 0px;}<\/style><\/div>\n","protected":false},"excerpt":{"rendered":"","protected":false},"featured_media":12323,"template":"","meta":[],"product_cat":[80,70,81],"product_tag":[173,185],"_links":{"self":[{"href":"https:\/\/nowyork.pl\/index.php\/wp-json\/wp\/v2\/product\/12322"}],"collection":[{"href":"https:\/\/nowyork.pl\/index.php\/wp-json\/wp\/v2\/product"}],"about":[{"href":"https:\/\/nowyork.pl\/index.php\/wp-json\/wp\/v2\/types\/product"}],"wp:featuredmedia":[{"embeddable":true,"href":"https:\/\/nowyork.pl\/index.php\/wp-json\/wp\/v2\/media\/12323"}],"wp:attachment":[{"href":"https:\/\/nowyork.pl\/index.php\/wp-json\/wp\/v2\/media?parent=12322"}],"wp:term":[{"taxonomy":"product_cat","embeddable":true,"href":"https:\/\/nowyork.pl\/index.php\/wp-json\/wp\/v2\/product_cat?post=12322"},{"taxonomy":"product_tag","embeddable":true,"href":"https:\/\/nowyork.pl\/index.php\/wp-json\/wp\/v2\/product_tag?post=12322"}],"curies":[{"name":"wp","href":"https:\/\/api.w.org\/{rel}","templated":true}]}}