{"id":12331,"date":"2018-03-27T14:16:32","date_gmt":"2018-03-27T12:16:32","guid":{"rendered":"https:\/\/nowyork.pl\/?post_type=product&#038;p=12331"},"modified":"2018-03-27T14:19:57","modified_gmt":"2018-03-27T12:19:57","slug":"szampon-dla-psa-fluffy","status":"publish","type":"product","link":"https:\/\/nowyork.pl\/index.php\/produkt\/szampon-dla-psa-fluffy\/","title":{"rendered":"SZAMPON DLA PSA &#8211; FLUFFY"},"content":{"rendered":"<div class=\"fusion-fullwidth fullwidth-box fusion-builder-row-1 fusion-flex-container nonhundred-percent-fullwidth non-hundred-percent-height-scrolling\" style=\"background-color: rgba(255,255,255,0);background-position: center center;background-repeat: no-repeat;border-width: 0px 0px 0px 0px;border-color:#eae9e9;border-style:solid;\" ><div class=\"fusion-builder-row fusion-row fusion-flex-align-items-flex-start\" style=\"max-width:calc( 1100px + 0px );margin-left: calc(-0px \/ 2 );margin-right: calc(-0px \/ 2 );\"><div class=\"fusion-layout-column fusion_builder_column fusion-builder-column-0 fusion_builder_column_1_1 1_1 fusion-flex-column\"><div class=\"fusion-column-wrapper fusion-flex-justify-content-flex-start fusion-content-layout-column\" style=\"background-position:left top;background-repeat:no-repeat;-webkit-background-size:cover;-moz-background-size:cover;-o-background-size:cover;background-size:cover;padding: 0px 0px 0px 0px;\"><div class=\"fusion-text fusion-text-1\"><div class=\"short-description\">\n<p><strong>Szampon dla ps\u00f3w<\/strong>\u00a0zwi\u0119kszaj\u0105cy obj\u0119to\u015b\u0107 w\u0142osa (proteiny pszenicy, hydrolizat keratyny, witamina B5).<\/p>\n<p>Specjalny szampon piel\u0119gnuj\u0105cy dla psa, kszta\u0142tuj\u0105cy sylwetk\u0119 psa, wzbogacony witamin\u0105 B5, keratyn\u0105 i proteinami pszenicy.<\/p>\n<p>Witamina B5 poprawia ukrwienie sk\u00f3ry i pigmentacj\u0119 sier\u015bci. Keratyna wbudowuje si\u0119 w struktur\u0119 w\u0142os\u00f3w, uzupe\u0142niaj\u0105c ubytki. Proteiny pszenicy tworz\u0105 kondycjonuj\u0105cy film na powierzchni w\u0142os\u00f3w, co podkre\u015bla pi\u0119kn\u0105 sylwetk\u0119 psa.<\/p>\n<p><strong>Dla podkre\u015blenia wi\u0119kszej obj\u0119to\u015bci i puszysto\u015bci w\u0142os\u00f3w szczeg\u00f3lnie polecany wraz z lotionem<\/strong>.<\/p>\n<\/div>\n<\/div><\/div><\/div><style type=\"text\/css\">.fusion-body .fusion-builder-column-0{width:100% !important;margin-top : 0px;margin-bottom : 0px;}.fusion-builder-column-0 > .fusion-column-wrapper {padding-top : 0px !important;padding-right : 0px !important;margin-right : 0px;padding-bottom : 0px !important;padding-left : 0px !important;margin-left : 0px;}@media only screen and (max-width:1024px) {.fusion-body .fusion-builder-column-0{width:100% !important;}.fusion-builder-column-0 > .fusion-column-wrapper {margin-right : 0px;margin-left : 0px;}}@media only screen and (max-width:640px) {.fusion-body .fusion-builder-column-0{width:100% !important;}.fusion-builder-column-0 > .fusion-column-wrapper {margin-right : 0px;margin-left : 0px;}}<\/style><\/div><style type=\"text\/css\">.fusion-body .fusion-flex-container.fusion-builder-row-1{ padding-top : 0px;margin-top : 0px;padding-right : 0px;padding-bottom : 0px;margin-bottom : 0px;padding-left : 0px;}<\/style><\/div>\n","protected":false},"excerpt":{"rendered":"","protected":false},"featured_media":12335,"template":"","meta":[],"product_cat":[80,70,81],"product_tag":[173,188],"_links":{"self":[{"href":"https:\/\/nowyork.pl\/index.php\/wp-json\/wp\/v2\/product\/12331"}],"collection":[{"href":"https:\/\/nowyork.pl\/index.php\/wp-json\/wp\/v2\/product"}],"about":[{"href":"https:\/\/nowyork.pl\/index.php\/wp-json\/wp\/v2\/types\/product"}],"wp:featuredmedia":[{"embeddable":true,"href":"https:\/\/nowyork.pl\/index.php\/wp-json\/wp\/v2\/media\/12335"}],"wp:attachment":[{"href":"https:\/\/nowyork.pl\/index.php\/wp-json\/wp\/v2\/media?parent=12331"}],"wp:term":[{"taxonomy":"product_cat","embeddable":true,"href":"https:\/\/nowyork.pl\/index.php\/wp-json\/wp\/v2\/product_cat?post=12331"},{"taxonomy":"product_tag","embeddable":true,"href":"https:\/\/nowyork.pl\/index.php\/wp-json\/wp\/v2\/product_tag?post=12331"}],"curies":[{"name":"wp","href":"https:\/\/api.w.org\/{rel}","templated":true}]}}