{"id":12349,"date":"2018-03-27T14:34:40","date_gmt":"2018-03-27T12:34:40","guid":{"rendered":"https:\/\/nowyork.pl\/?post_type=product&#038;p=12349"},"modified":"2018-04-11T14:39:43","modified_gmt":"2018-04-11T12:39:43","slug":"szampon-dla-psow-smooth","status":"publish","type":"product","link":"https:\/\/nowyork.pl\/index.php\/produkt\/szampon-dla-psow-smooth\/","title":{"rendered":"SZAMPON DLA PS\u00d3W &#8211; SMOOTH"},"content":{"rendered":"<div class=\"fusion-fullwidth fullwidth-box fusion-builder-row-1 fusion-flex-container nonhundred-percent-fullwidth non-hundred-percent-height-scrolling\" style=\"background-color: rgba(255,255,255,0);background-position: center center;background-repeat: no-repeat;border-width: 0px 0px 0px 0px;border-color:#eae9e9;border-style:solid;\" ><div class=\"fusion-builder-row fusion-row fusion-flex-align-items-flex-start\" style=\"max-width:calc( 1100px + 0px );margin-left: calc(-0px \/ 2 );margin-right: calc(-0px \/ 2 );\"><div class=\"fusion-layout-column fusion_builder_column fusion-builder-column-0 fusion_builder_column_1_1 1_1 fusion-flex-column\"><div class=\"fusion-column-wrapper fusion-flex-justify-content-flex-start fusion-content-layout-column\" style=\"background-position:left top;background-repeat:no-repeat;-webkit-background-size:cover;-moz-background-size:cover;-o-background-size:cover;background-size:cover;padding: 0px 0px 0px 0px;\"><div class=\"fusion-text fusion-text-1\"><div class=\"short-description\">\n<p><strong>Szampon wyg\u0142adzaj\u0105cy powierzchni\u0119 w\u0142osa<\/strong>\u00a0<strong>ps\u00f3w<\/strong>\u00a0(pokrzywa, mydlnica lekarska, sole mineralne, witaminy).<\/p>\n<p>Piel\u0119gnuj\u0105cy szampon dla ps\u00f3w wzbogacony witamin\u0105 B5 i wyci\u0105gami zio\u0142owymi.<\/p>\n<p>Witamina B5 poprawia ukrwienie sk\u00f3ry i wyg\u0142adza w\u0142os, a wyci\u0105gi z pokrzywy i mydlnicy lekarskiej od\u017cywiaj\u0105, \u0142agodz\u0105 objawy alergiczne i nadaj\u0105 po\u0142ysk sier\u015bci.<\/p>\n<p><strong>Szczeg\u00f3lnie polecany dla ps\u00f3w o sier\u015bci matowej i wysuszonej w celu przywr\u00f3cenia po\u0142ysku na wyg\u0142adzonych w\u0142osach.<\/strong><\/p>\n<\/div>\n<\/div><\/div><\/div><style type=\"text\/css\">.fusion-body .fusion-builder-column-0{width:100% !important;margin-top : 0px;margin-bottom : 0px;}.fusion-builder-column-0 > .fusion-column-wrapper {padding-top : 0px !important;padding-right : 0px !important;margin-right : 0px;padding-bottom : 0px !important;padding-left : 0px !important;margin-left : 0px;}@media only screen and (max-width:1024px) {.fusion-body .fusion-builder-column-0{width:100% !important;}.fusion-builder-column-0 > .fusion-column-wrapper {margin-right : 0px;margin-left : 0px;}}@media only screen and (max-width:640px) {.fusion-body .fusion-builder-column-0{width:100% !important;}.fusion-builder-column-0 > .fusion-column-wrapper {margin-right : 0px;margin-left : 0px;}}<\/style><\/div><style type=\"text\/css\">.fusion-body .fusion-flex-container.fusion-builder-row-1{ padding-top : 0px;margin-top : 0px;padding-right : 0px;padding-bottom : 0px;margin-bottom : 0px;padding-left : 0px;}<\/style><\/div>\n","protected":false},"excerpt":{"rendered":"","protected":false},"featured_media":12350,"template":"","meta":[],"product_cat":[197,80,70,81],"product_tag":[173,194],"_links":{"self":[{"href":"https:\/\/nowyork.pl\/index.php\/wp-json\/wp\/v2\/product\/12349"}],"collection":[{"href":"https:\/\/nowyork.pl\/index.php\/wp-json\/wp\/v2\/product"}],"about":[{"href":"https:\/\/nowyork.pl\/index.php\/wp-json\/wp\/v2\/types\/product"}],"wp:featuredmedia":[{"embeddable":true,"href":"https:\/\/nowyork.pl\/index.php\/wp-json\/wp\/v2\/media\/12350"}],"wp:attachment":[{"href":"https:\/\/nowyork.pl\/index.php\/wp-json\/wp\/v2\/media?parent=12349"}],"wp:term":[{"taxonomy":"product_cat","embeddable":true,"href":"https:\/\/nowyork.pl\/index.php\/wp-json\/wp\/v2\/product_cat?post=12349"},{"taxonomy":"product_tag","embeddable":true,"href":"https:\/\/nowyork.pl\/index.php\/wp-json\/wp\/v2\/product_tag?post=12349"}],"curies":[{"name":"wp","href":"https:\/\/api.w.org\/{rel}","templated":true}]}}